{"id":29427,"date":"2025-03-26T12:39:32","date_gmt":"2025-03-26T11:39:32","guid":{"rendered":"https:\/\/emif.dz\/?post_type=product&#038;p=29427"},"modified":"2025-03-26T12:42:21","modified_gmt":"2025-03-26T11:42:21","slug":"salon-de-5-places","status":"publish","type":"product","link":"https:\/\/emif.dz\/ar\/product\/salon-de-5-places\/","title":{"rendered":"Salon de 6 places"},"content":{"rendered":"","protected":false},"excerpt":{"rendered":"<p>\u00c9l\u00e9gance et confort dans un seul salon! Un salon au design royal qui allie luxe et confort, dans des couleurs raffin\u00e9es qui conviennent \u00e0 toutes les d\u00e9corations. Rendez votre maison plus \u00e9tincelante maintenant.<\/p>","protected":false},"featured_media":29429,"comment_status":"open","ping_status":"closed","template":"","meta":{"_acf_changed":false},"product_brand":[],"product_cat":[147],"product_tag":[207,206],"class_list":{"0":"post-29427","1":"product","2":"type-product","3":"status-publish","4":"has-post-thumbnail","6":"product_cat-salons","7":"product_tag-meubles","8":"product_tag-salon","10":"first","11":"instock","12":"shipping-taxable","13":"purchasable","14":"product-type-simple"},"acf":[],"_links":{"self":[{"href":"https:\/\/emif.dz\/ar\/wp-json\/wp\/v2\/product\/29427","targetHints":{"allow":["GET"]}}],"collection":[{"href":"https:\/\/emif.dz\/ar\/wp-json\/wp\/v2\/product"}],"about":[{"href":"https:\/\/emif.dz\/ar\/wp-json\/wp\/v2\/types\/product"}],"replies":[{"embeddable":true,"href":"https:\/\/emif.dz\/ar\/wp-json\/wp\/v2\/comments?post=29427"}],"version-history":[{"count":2,"href":"https:\/\/emif.dz\/ar\/wp-json\/wp\/v2\/product\/29427\/revisions"}],"predecessor-version":[{"id":29431,"href":"https:\/\/emif.dz\/ar\/wp-json\/wp\/v2\/product\/29427\/revisions\/29431"}],"wp:featuredmedia":[{"embeddable":true,"href":"https:\/\/emif.dz\/ar\/wp-json\/wp\/v2\/media\/29429"}],"wp:attachment":[{"href":"https:\/\/emif.dz\/ar\/wp-json\/wp\/v2\/media?parent=29427"}],"wp:term":[{"taxonomy":"product_brand","embeddable":true,"href":"https:\/\/emif.dz\/ar\/wp-json\/wp\/v2\/product_brand?post=29427"},{"taxonomy":"product_cat","embeddable":true,"href":"https:\/\/emif.dz\/ar\/wp-json\/wp\/v2\/product_cat?post=29427"},{"taxonomy":"product_tag","embeddable":true,"href":"https:\/\/emif.dz\/ar\/wp-json\/wp\/v2\/product_tag?post=29427"}],"curies":[{"name":"wp","href":"https:\/\/api.w.org\/{rel}","templated":true}]}}