{"id":30206,"date":"2026-02-17T23:27:50","date_gmt":"2026-02-17T22:27:50","guid":{"rendered":"https:\/\/emif.dz\/?post_type=product&#038;p=30206"},"modified":"2026-03-16T14:15:43","modified_gmt":"2026-03-16T13:15:43","slug":"machine-a-laver-luna-x-frontal-105kg-inverter-14-programmes","status":"publish","type":"product","link":"https:\/\/emif.dz\/ar\/product\/machine-a-laver-luna-x-frontal-105kg-inverter-14-programmes\/","title":{"rendered":"Machine \u00e0 laver LUNA x Frontal 10,5kg Inverter 14 programmes"},"content":{"rendered":"<p>Luna\u00d7, une machine \u00e0 laver pens\u00e9e pour celles et ceux qui recherchent efficacit\u00e9,<br \/>\nsimplicit\u00e9 et design moderne. Alliant technologie de pointe et confort d\u2019utilisation, Luna\u00d7 se distingue par sa<br \/>\ncapacit\u00e9 g\u00e9n\u00e9reuse, sa porte extra large, son tambour extra extra large de 70 litres, et sa construction robuste. Un<br \/>\nv\u00e9ritable concentr\u00e9 d\u2019innovation con\u00e7u pour r\u00e9pondre aux besoins des foyers d\u2019aujourd\u2019hui, sans compromis entre<br \/>\nqualit\u00e9 et prix.<br \/>\nLuna\u00d7 , c\u2019est bien plus qu\u2019un choix : c\u2019est une \u00e9vidence<\/p>","protected":false},"excerpt":{"rendered":"<p>Luna\u00d7, une machine \u00e0 laver pens\u00e9e pour celles et ceux qui recherchent efficacit\u00e9, simplicit\u00e9 et design moderne. Alliant technologie de<\/p>","protected":false},"featured_media":0,"comment_status":"open","ping_status":"closed","template":"","meta":{"_acf_changed":false},"product_brand":[232],"product_cat":[128],"product_tag":[],"class_list":{"0":"post-30206","1":"product","2":"type-product","3":"status-publish","5":"product_brand-condor","6":"product_cat-lave-linge","8":"first","9":"instock","10":"shipping-taxable","11":"purchasable","12":"product-type-simple"},"acf":[],"_links":{"self":[{"href":"https:\/\/emif.dz\/ar\/wp-json\/wp\/v2\/product\/30206","targetHints":{"allow":["GET"]}}],"collection":[{"href":"https:\/\/emif.dz\/ar\/wp-json\/wp\/v2\/product"}],"about":[{"href":"https:\/\/emif.dz\/ar\/wp-json\/wp\/v2\/types\/product"}],"replies":[{"embeddable":true,"href":"https:\/\/emif.dz\/ar\/wp-json\/wp\/v2\/comments?post=30206"}],"version-history":[{"count":0,"href":"https:\/\/emif.dz\/ar\/wp-json\/wp\/v2\/product\/30206\/revisions"}],"wp:attachment":[{"href":"https:\/\/emif.dz\/ar\/wp-json\/wp\/v2\/media?parent=30206"}],"wp:term":[{"taxonomy":"product_brand","embeddable":true,"href":"https:\/\/emif.dz\/ar\/wp-json\/wp\/v2\/product_brand?post=30206"},{"taxonomy":"product_cat","embeddable":true,"href":"https:\/\/emif.dz\/ar\/wp-json\/wp\/v2\/product_cat?post=30206"},{"taxonomy":"product_tag","embeddable":true,"href":"https:\/\/emif.dz\/ar\/wp-json\/wp\/v2\/product_tag?post=30206"}],"curies":[{"name":"wp","href":"https:\/\/api.w.org\/{rel}","templated":true}]}}