{"id":30266,"date":"2026-02-19T10:17:22","date_gmt":"2026-02-19T09:17:22","guid":{"rendered":"https:\/\/emif.dz\/?post_type=product&#038;p=30266"},"modified":"2026-02-26T10:38:25","modified_gmt":"2026-02-26T09:38:25","slug":"refrigerateur-double-porte-serie-vita-443l-defrost-inox","status":"publish","type":"product","link":"https:\/\/emif.dz\/ar\/product\/refrigerateur-double-porte-serie-vita-443l-defrost-inox\/","title":{"rendered":"R\u00e9frig\u00e9rateur Double Porte S\u00e9rie VITA | 443L | Defrost | Inox"},"content":{"rendered":"<p>Le r\u00e9frig\u00e9rateur CONDOR VITA Double porte propose 443 L de capacit\u00e9 nette, alliant praticit\u00e9 et espace pour un stockage optimal des aliments. Son design moderne s\u2019int\u00e8gre harmonieusement \u00e0 toutes les cuisines, r\u00e9pondant aux attentes des foyers en qu\u00eate de praticit\u00e9, fiabilit\u00e9 et esth\u00e9tique.<\/p>","protected":false},"excerpt":{"rendered":"<p>Le r\u00e9frig\u00e9rateur CONDOR VITA Double porte propose 443 L de capacit\u00e9 nette, alliant praticit\u00e9 et espace pour un stockage optimal<\/p>","protected":false},"featured_media":0,"comment_status":"open","ping_status":"closed","template":"","meta":{"_acf_changed":false},"product_brand":[232],"product_cat":[127],"product_tag":[],"class_list":{"0":"post-30266","1":"product","2":"type-product","3":"status-publish","5":"product_brand-condor","6":"product_cat-refrigerateurs","8":"first","9":"instock","10":"shipping-taxable","11":"purchasable","12":"product-type-simple"},"acf":[],"_links":{"self":[{"href":"https:\/\/emif.dz\/ar\/wp-json\/wp\/v2\/product\/30266","targetHints":{"allow":["GET"]}}],"collection":[{"href":"https:\/\/emif.dz\/ar\/wp-json\/wp\/v2\/product"}],"about":[{"href":"https:\/\/emif.dz\/ar\/wp-json\/wp\/v2\/types\/product"}],"replies":[{"embeddable":true,"href":"https:\/\/emif.dz\/ar\/wp-json\/wp\/v2\/comments?post=30266"}],"version-history":[{"count":0,"href":"https:\/\/emif.dz\/ar\/wp-json\/wp\/v2\/product\/30266\/revisions"}],"wp:attachment":[{"href":"https:\/\/emif.dz\/ar\/wp-json\/wp\/v2\/media?parent=30266"}],"wp:term":[{"taxonomy":"product_brand","embeddable":true,"href":"https:\/\/emif.dz\/ar\/wp-json\/wp\/v2\/product_brand?post=30266"},{"taxonomy":"product_cat","embeddable":true,"href":"https:\/\/emif.dz\/ar\/wp-json\/wp\/v2\/product_cat?post=30266"},{"taxonomy":"product_tag","embeddable":true,"href":"https:\/\/emif.dz\/ar\/wp-json\/wp\/v2\/product_tag?post=30266"}],"curies":[{"name":"wp","href":"https:\/\/api.w.org\/{rel}","templated":true}]}}