{"id":30269,"date":"2026-02-19T11:52:51","date_gmt":"2026-02-19T10:52:51","guid":{"rendered":"https:\/\/emif.dz\/?post_type=product&#038;p=30269"},"modified":"2026-03-16T14:12:27","modified_gmt":"2026-03-16T13:12:27","slug":"climatiseur-12k-btu-tenor-inverter-cs12-tn33it3","status":"publish","type":"product","link":"https:\/\/emif.dz\/ar\/product\/climatiseur-12k-btu-tenor-inverter-cs12-tn33it3\/","title":{"rendered":"Climatiseur 12K Btu T\u00e9nor Inverter CS12-TN33IT3"},"content":{"rendered":"<p>Le Climatiseur CONDOR TENOR Inverter Tropical (T3) 12K Btu, est con\u00e7u avec une combinaison tr\u00e8s performante de la technologie inverter et le gaz le plus \u00e9cologique R32 pour vous garantir un refroidissement extraordinaire.<\/p>","protected":false},"excerpt":{"rendered":"<p>Le Climatiseur CONDOR TENOR Inverter Tropical (T3) 12K Btu, est con\u00e7u avec une combinaison tr\u00e8s performante de la technologie inverter<\/p>","protected":false},"featured_media":0,"comment_status":"open","ping_status":"closed","template":"","meta":{"_acf_changed":false},"product_brand":[232],"product_cat":[129],"product_tag":[],"class_list":{"0":"post-30269","1":"product","2":"type-product","3":"status-publish","5":"product_brand-condor","6":"product_cat-climatiseurs","8":"first","9":"instock","10":"shipping-taxable","11":"purchasable","12":"product-type-simple"},"acf":[],"_links":{"self":[{"href":"https:\/\/emif.dz\/ar\/wp-json\/wp\/v2\/product\/30269","targetHints":{"allow":["GET"]}}],"collection":[{"href":"https:\/\/emif.dz\/ar\/wp-json\/wp\/v2\/product"}],"about":[{"href":"https:\/\/emif.dz\/ar\/wp-json\/wp\/v2\/types\/product"}],"replies":[{"embeddable":true,"href":"https:\/\/emif.dz\/ar\/wp-json\/wp\/v2\/comments?post=30269"}],"version-history":[{"count":0,"href":"https:\/\/emif.dz\/ar\/wp-json\/wp\/v2\/product\/30269\/revisions"}],"wp:attachment":[{"href":"https:\/\/emif.dz\/ar\/wp-json\/wp\/v2\/media?parent=30269"}],"wp:term":[{"taxonomy":"product_brand","embeddable":true,"href":"https:\/\/emif.dz\/ar\/wp-json\/wp\/v2\/product_brand?post=30269"},{"taxonomy":"product_cat","embeddable":true,"href":"https:\/\/emif.dz\/ar\/wp-json\/wp\/v2\/product_cat?post=30269"},{"taxonomy":"product_tag","embeddable":true,"href":"https:\/\/emif.dz\/ar\/wp-json\/wp\/v2\/product_tag?post=30269"}],"curies":[{"name":"wp","href":"https:\/\/api.w.org\/{rel}","templated":true}]}}