{"id":30290,"date":"2026-02-19T12:40:31","date_gmt":"2026-02-19T11:40:31","guid":{"rendered":"https:\/\/emif.dz\/?post_type=product&#038;p=30290"},"modified":"2026-03-16T14:09:56","modified_gmt":"2026-03-16T13:09:56","slug":"tv-dled-sg630r-40%e2%80%b3-fhd-google-tv-5-0","status":"publish","type":"product","link":"https:\/\/emif.dz\/ar\/product\/tv-dled-sg630r-40%e2%80%b3-fhd-google-tv-5-0\/","title":{"rendered":"TV DLED SG630R 40\u2033 \u2013 FHD Google TV 5.0"},"content":{"rendered":"<p>La TV CONDOR S\u00e9rie G6R, avec son \u00e9cran de 40 pouces, est un mod\u00e8le con\u00e7u pour offrir une qualit\u00e9 d\u2019image exceptionnelle gr\u00e2ce \u00e0 sa r\u00e9solution FHD qui affiche des images nettes et d\u00e9taill\u00e9es, avec une pr\u00e9cision remarquable. La technologie DLED garantit une luminosit\u00e9 homog\u00e8ne et un contraste am\u00e9lior\u00e9, offrant ainsi une excellente qualit\u00e9 d\u2019image. Dot\u00e9e du syst\u00e8me Google TV 5.0, cette TV offre une interface intuitive et rapide pour acc\u00e9der \u00e0 une vaste s\u00e9lection d\u2019applications, y compris les plateformes de streaming les plus populaires comme Netflix, YouTube et Amazon Prime.<\/p>","protected":false},"excerpt":{"rendered":"<p>La TV CONDOR S\u00e9rie G6R, avec son \u00e9cran de 40 pouces, est un mod\u00e8le con\u00e7u pour offrir une qualit\u00e9 d\u2019image<\/p>","protected":false},"featured_media":0,"comment_status":"open","ping_status":"closed","template":"","meta":{"_acf_changed":false},"product_brand":[232],"product_cat":[126],"product_tag":[],"class_list":{"0":"post-30290","1":"product","2":"type-product","3":"status-publish","5":"product_brand-condor","6":"product_cat-televisions","8":"first","9":"instock","10":"shipping-taxable","11":"purchasable","12":"product-type-simple"},"acf":[],"_links":{"self":[{"href":"https:\/\/emif.dz\/ar\/wp-json\/wp\/v2\/product\/30290","targetHints":{"allow":["GET"]}}],"collection":[{"href":"https:\/\/emif.dz\/ar\/wp-json\/wp\/v2\/product"}],"about":[{"href":"https:\/\/emif.dz\/ar\/wp-json\/wp\/v2\/types\/product"}],"replies":[{"embeddable":true,"href":"https:\/\/emif.dz\/ar\/wp-json\/wp\/v2\/comments?post=30290"}],"version-history":[{"count":0,"href":"https:\/\/emif.dz\/ar\/wp-json\/wp\/v2\/product\/30290\/revisions"}],"wp:attachment":[{"href":"https:\/\/emif.dz\/ar\/wp-json\/wp\/v2\/media?parent=30290"}],"wp:term":[{"taxonomy":"product_brand","embeddable":true,"href":"https:\/\/emif.dz\/ar\/wp-json\/wp\/v2\/product_brand?post=30290"},{"taxonomy":"product_cat","embeddable":true,"href":"https:\/\/emif.dz\/ar\/wp-json\/wp\/v2\/product_cat?post=30290"},{"taxonomy":"product_tag","embeddable":true,"href":"https:\/\/emif.dz\/ar\/wp-json\/wp\/v2\/product_tag?post=30290"}],"curies":[{"name":"wp","href":"https:\/\/api.w.org\/{rel}","templated":true}]}}