{"id":30314,"date":"2026-02-19T17:15:24","date_gmt":"2026-02-19T16:15:24","guid":{"rendered":"https:\/\/emif.dz\/?post_type=product&#038;p=30314"},"modified":"2026-02-19T17:15:24","modified_gmt":"2026-02-19T16:15:24","slug":"machine-a-laver-starwash-105-kg","status":"publish","type":"product","link":"https:\/\/emif.dz\/ar\/product\/machine-a-laver-starwash-105-kg\/","title":{"rendered":"Machine \u00e0 laver Starwash 10,5 Kg"},"content":{"rendered":"<div class=\"fich-display\">\n<h1>Fiche Technique<\/h1>\n<\/div>\n<div class=\"fiche-techdes\">\n<p>Capacit\u00e9 de lavage : 10,5 Kg<br \/>\nCapacit\u00e9 d&#8217;essorage : 10,5 Kg<br \/>\nVolume de la cuve (litre) : 70L<br \/>\nDimensions de la cuve : 482&#215;430 mm<br \/>\nConsommation d&#8217;eau : 208L<br \/>\nNiveau d&#8217;\u00e9tanch\u00e9it\u00e9 : IXP4<\/p>\n<\/div>","protected":false},"excerpt":{"rendered":"<p>Fiche Technique Capacit\u00e9 de lavage : 10,5 Kg Capacit\u00e9 d&#8217;essorage : 10,5 Kg Volume de la cuve (litre) : 70L<\/p>","protected":false},"featured_media":0,"comment_status":"open","ping_status":"closed","template":"","meta":{"_acf_changed":false},"product_brand":[233],"product_cat":[128],"product_tag":[],"class_list":{"0":"post-30314","1":"product","2":"type-product","3":"status-publish","5":"product_brand-geant","6":"product_cat-lave-linge","8":"first","9":"instock","10":"shipping-taxable","11":"product-type-simple"},"acf":[],"_links":{"self":[{"href":"https:\/\/emif.dz\/ar\/wp-json\/wp\/v2\/product\/30314","targetHints":{"allow":["GET"]}}],"collection":[{"href":"https:\/\/emif.dz\/ar\/wp-json\/wp\/v2\/product"}],"about":[{"href":"https:\/\/emif.dz\/ar\/wp-json\/wp\/v2\/types\/product"}],"replies":[{"embeddable":true,"href":"https:\/\/emif.dz\/ar\/wp-json\/wp\/v2\/comments?post=30314"}],"version-history":[{"count":0,"href":"https:\/\/emif.dz\/ar\/wp-json\/wp\/v2\/product\/30314\/revisions"}],"wp:attachment":[{"href":"https:\/\/emif.dz\/ar\/wp-json\/wp\/v2\/media?parent=30314"}],"wp:term":[{"taxonomy":"product_brand","embeddable":true,"href":"https:\/\/emif.dz\/ar\/wp-json\/wp\/v2\/product_brand?post=30314"},{"taxonomy":"product_cat","embeddable":true,"href":"https:\/\/emif.dz\/ar\/wp-json\/wp\/v2\/product_cat?post=30314"},{"taxonomy":"product_tag","embeddable":true,"href":"https:\/\/emif.dz\/ar\/wp-json\/wp\/v2\/product_tag?post=30314"}],"curies":[{"name":"wp","href":"https:\/\/api.w.org\/{rel}","templated":true}]}}