{"id":30344,"date":"2026-02-20T00:01:35","date_gmt":"2026-02-19T23:01:35","guid":{"rendered":"https:\/\/emif.dz\/?post_type=product&#038;p=30344"},"modified":"2026-03-16T14:34:45","modified_gmt":"2026-03-16T13:34:45","slug":"refrigerateur-320-l","status":"publish","type":"product","link":"https:\/\/emif.dz\/ar\/product\/refrigerateur-320-l\/","title":{"rendered":"R\u00c9FRIG\u00c9RATEUR  320 L"},"content":{"rendered":"<h2>Caract\u00e9ristiques Techniques<\/h2>\n<ul>\n<li>\n<h4>Cat\u00e9gorie: Double portes<\/h4>\n<\/li>\n<li>\n<h4>Capacit\u00e9 totale brute (L):\u00a0311<\/h4>\n<\/li>\n<li>\n<h4>Type de refroidissement: Statique<\/h4>\n<\/li>\n<li>\n<h4>Classe Climatique: N<\/h4>\n<\/li>\n<li>\n<h4>Contr\u00f4le de temp\u00e9rature: M\u00e9canique<\/h4>\n<\/li>\n<li>\n<h4>Gaz r\u00e9frig\u00e9rant: R134a<\/h4>\n<\/li>\n<li>\n<h4>Poign\u00e9e frontale: Oui<\/h4>\n<\/li>\n<li>\n<h4>Pieds r\u00e9glables: Oui<\/h4>\n<\/li>\n<li>\n<h4>Dimensions HxPxL(mm): 1650x748x590<\/h4>\n<\/li>\n<li>\n<h4>Poids net (Kg): 71<\/h4>\n<\/li>\n<li>\n<h4>Couleur: Blanc<\/h4>\n<\/li>\n<\/ul>\n<h2><strong>Compartiment R\u00e9frig\u00e9ration:<\/strong><\/h2>\n<ul>\n<li>\n<h4>Capacit\u00e9 nette (L): 229<\/h4>\n<\/li>\n<li>\n<h4>Nombre de clayettes : 04<\/h4>\n<\/li>\n<li>\n<h4>Nombre de balconnets: 05<\/h4>\n<\/li>\n<li>\n<h4>Bac \u00e0 l\u00e9gumes: 02<\/h4>\n<\/li>\n<li>\n<h4>\u00c9clairage: Lampe<\/h4>\n<\/li>\n<\/ul>","protected":false},"excerpt":{"rendered":"<p>Caract\u00e9ristiques Techniques Cat\u00e9gorie: Double portes Capacit\u00e9 totale brute (L):\u00a0311 Type de refroidissement: Statique Classe Climatique: N Contr\u00f4le de temp\u00e9rature: M\u00e9canique<\/p>","protected":false},"featured_media":0,"comment_status":"open","ping_status":"closed","template":"","meta":{"_acf_changed":false},"product_brand":[220],"product_cat":[127],"product_tag":[],"class_list":{"0":"post-30344","1":"product","2":"type-product","3":"status-publish","5":"product_brand-eniem","6":"product_cat-refrigerateurs","8":"first","9":"instock","10":"shipping-taxable","11":"purchasable","12":"product-type-simple"},"acf":[],"_links":{"self":[{"href":"https:\/\/emif.dz\/ar\/wp-json\/wp\/v2\/product\/30344","targetHints":{"allow":["GET"]}}],"collection":[{"href":"https:\/\/emif.dz\/ar\/wp-json\/wp\/v2\/product"}],"about":[{"href":"https:\/\/emif.dz\/ar\/wp-json\/wp\/v2\/types\/product"}],"replies":[{"embeddable":true,"href":"https:\/\/emif.dz\/ar\/wp-json\/wp\/v2\/comments?post=30344"}],"version-history":[{"count":0,"href":"https:\/\/emif.dz\/ar\/wp-json\/wp\/v2\/product\/30344\/revisions"}],"wp:attachment":[{"href":"https:\/\/emif.dz\/ar\/wp-json\/wp\/v2\/media?parent=30344"}],"wp:term":[{"taxonomy":"product_brand","embeddable":true,"href":"https:\/\/emif.dz\/ar\/wp-json\/wp\/v2\/product_brand?post=30344"},{"taxonomy":"product_cat","embeddable":true,"href":"https:\/\/emif.dz\/ar\/wp-json\/wp\/v2\/product_cat?post=30344"},{"taxonomy":"product_tag","embeddable":true,"href":"https:\/\/emif.dz\/ar\/wp-json\/wp\/v2\/product_tag?post=30344"}],"curies":[{"name":"wp","href":"https:\/\/api.w.org\/{rel}","templated":true}]}}