{"id":30359,"date":"2026-02-20T14:23:02","date_gmt":"2026-02-20T13:23:02","guid":{"rendered":"https:\/\/emif.dz\/?post_type=product&#038;p=30359"},"modified":"2026-02-20T14:23:02","modified_gmt":"2026-02-20T13:23:02","slug":"climatiseur-artico-24000","status":"publish","type":"product","link":"https:\/\/emif.dz\/ar\/product\/climatiseur-artico-24000\/","title":{"rendered":"Climatiseur Artico 24000"},"content":{"rendered":"<div class=\"content-details\">\n<div class=\"prod-name\">\n<div class=\"fiche-tech\">\n<div class=\"fich-display\">\n<h1>Fiche Technique<\/h1>\n<\/div>\n<div class=\"fiche-techdes\">\n<p>Capacit\u00e9 de refroidissement : 24000 Btu<br \/>\nMode de fonctionnement : Inverter-Tropical &#8211; Refroidissement et Chauffage<br \/>\nAffichage de la Temp\u00e9rature : LED<br \/>\nType de Climat : T3<br \/>\nFluide Frigorig\u00e9ne : R410A\/2000g<br \/>\nVolume du d\u00e9bit d\u2019air : 1900 M3<br \/>\nDimensions int\u00e9rieure(L*P*H)mm : 585\u00d71925\u00d7400<br \/>\nDimensions ext\u00e9rieur(L*P*H)mm : 970\u00d7803\u00d7370<br \/>\nPoids int\u00e9rieure-ext\u00e9rieur : 12.5 kg\/42.5 kg<br \/>\nNibeau Bruit : 50-58 dB(A)<br \/>\nGarantie :36 Mois-7 Ans Compreseur<\/p>\n<\/div>\n<\/div>\n<\/div>\n<\/div>\n<div class=\"produits-similaires\"><\/div>","protected":false},"excerpt":{"rendered":"<p>Fiche Technique Capacit\u00e9 de refroidissement : 24000 Btu Mode de fonctionnement : Inverter-Tropical &#8211; Refroidissement et Chauffage Affichage de la<\/p>","protected":false},"featured_media":0,"comment_status":"open","ping_status":"closed","template":"","meta":{"_acf_changed":false},"product_brand":[233],"product_cat":[129],"product_tag":[],"class_list":{"0":"post-30359","1":"product","2":"type-product","3":"status-publish","5":"product_brand-geant","6":"product_cat-climatiseurs","8":"first","9":"instock","10":"shipping-taxable","11":"product-type-simple"},"acf":[],"_links":{"self":[{"href":"https:\/\/emif.dz\/ar\/wp-json\/wp\/v2\/product\/30359","targetHints":{"allow":["GET"]}}],"collection":[{"href":"https:\/\/emif.dz\/ar\/wp-json\/wp\/v2\/product"}],"about":[{"href":"https:\/\/emif.dz\/ar\/wp-json\/wp\/v2\/types\/product"}],"replies":[{"embeddable":true,"href":"https:\/\/emif.dz\/ar\/wp-json\/wp\/v2\/comments?post=30359"}],"version-history":[{"count":0,"href":"https:\/\/emif.dz\/ar\/wp-json\/wp\/v2\/product\/30359\/revisions"}],"wp:attachment":[{"href":"https:\/\/emif.dz\/ar\/wp-json\/wp\/v2\/media?parent=30359"}],"wp:term":[{"taxonomy":"product_brand","embeddable":true,"href":"https:\/\/emif.dz\/ar\/wp-json\/wp\/v2\/product_brand?post=30359"},{"taxonomy":"product_cat","embeddable":true,"href":"https:\/\/emif.dz\/ar\/wp-json\/wp\/v2\/product_cat?post=30359"},{"taxonomy":"product_tag","embeddable":true,"href":"https:\/\/emif.dz\/ar\/wp-json\/wp\/v2\/product_tag?post=30359"}],"curies":[{"name":"wp","href":"https:\/\/api.w.org\/{rel}","templated":true}]}}