{"id":30365,"date":"2026-02-20T14:28:34","date_gmt":"2026-02-20T13:28:34","guid":{"rendered":"https:\/\/emif.dz\/?post_type=product&#038;p=30365"},"modified":"2026-03-16T14:33:15","modified_gmt":"2026-03-16T13:33:15","slug":"cuisiniere-6560-sfv-inox","status":"publish","type":"product","link":"https:\/\/emif.dz\/ar\/product\/cuisiniere-6560-sfv-inox\/","title":{"rendered":"CUISINI\u00c8RE 6560 SFV INOX"},"content":{"rendered":"<h2><strong>Caract\u00e9ristiques Techniques:<\/strong><\/h2>\n<ul>\n<li>\n<h4><strong>Couvercle en verre<\/strong><\/h4>\n<\/li>\n<li>\n<h4><strong>Allumage \u00e9lectrique des br\u00fbleurs<\/strong><\/h4>\n<\/li>\n<li>\n<h4><strong>Br\u00fbleurs (02 semi rapides, 01 rapide et 01 auxiliaire)<\/strong><\/h4>\n<\/li>\n<li>\n<h4><strong>Porte double vitre<\/strong><\/h4>\n<\/li>\n<li>\n<h4><strong>Autonettoyant<\/strong><\/h4>\n<\/li>\n<li>\n<h4><strong>Minuterie<\/strong><\/h4>\n<\/li>\n<li>\n<h4><strong>Thermostat r\u00e9glable<\/strong><\/h4>\n<\/li>\n<li>\n<h4><strong>\u00c9clairage int\u00e9rieur<\/strong><\/h4>\n<\/li>\n<li>\n<h4><strong>Tourne broche<\/strong><\/h4>\n<\/li>\n<li>\n<h4><strong>Grilloir<\/strong><\/h4>\n<\/li>\n<li>\n<h4><strong>Compartiment de rangement<\/strong><\/h4>\n<\/li>\n<li>\n<h4><strong>S\u00e9curit\u00e9 gaz par thermocouple: Table et four<\/strong><\/h4>\n<\/li>\n<li>\n<h4><strong>Pieds r\u00e9glables<\/strong><\/h4>\n<\/li>\n<li>\n<h4><strong>Dimensions (HxPxL)mm: 850x600x600<\/strong><\/h4>\n<\/li>\n<li>\n<h4><strong>Poids (Kg): 53<\/strong><\/h4>\n<\/li>\n<li>\n<h4><strong>Couleur: Inox<\/strong><\/h4>\n<\/li>\n<\/ul>","protected":false},"excerpt":{"rendered":"<p>Caract\u00e9ristiques Techniques: Couvercle en verre Allumage \u00e9lectrique des br\u00fbleurs Br\u00fbleurs (02 semi rapides, 01 rapide et 01 auxiliaire) Porte double<\/p>","protected":false},"featured_media":0,"comment_status":"open","ping_status":"closed","template":"","meta":{"_acf_changed":false},"product_brand":[220],"product_cat":[132],"product_tag":[],"class_list":{"0":"post-30365","1":"product","2":"type-product","3":"status-publish","5":"product_brand-eniem","6":"product_cat-cuisineres","8":"first","9":"instock","10":"shipping-taxable","11":"purchasable","12":"product-type-simple"},"acf":[],"_links":{"self":[{"href":"https:\/\/emif.dz\/ar\/wp-json\/wp\/v2\/product\/30365","targetHints":{"allow":["GET"]}}],"collection":[{"href":"https:\/\/emif.dz\/ar\/wp-json\/wp\/v2\/product"}],"about":[{"href":"https:\/\/emif.dz\/ar\/wp-json\/wp\/v2\/types\/product"}],"replies":[{"embeddable":true,"href":"https:\/\/emif.dz\/ar\/wp-json\/wp\/v2\/comments?post=30365"}],"version-history":[{"count":0,"href":"https:\/\/emif.dz\/ar\/wp-json\/wp\/v2\/product\/30365\/revisions"}],"wp:attachment":[{"href":"https:\/\/emif.dz\/ar\/wp-json\/wp\/v2\/media?parent=30365"}],"wp:term":[{"taxonomy":"product_brand","embeddable":true,"href":"https:\/\/emif.dz\/ar\/wp-json\/wp\/v2\/product_brand?post=30365"},{"taxonomy":"product_cat","embeddable":true,"href":"https:\/\/emif.dz\/ar\/wp-json\/wp\/v2\/product_cat?post=30365"},{"taxonomy":"product_tag","embeddable":true,"href":"https:\/\/emif.dz\/ar\/wp-json\/wp\/v2\/product_tag?post=30365"}],"curies":[{"name":"wp","href":"https:\/\/api.w.org\/{rel}","templated":true}]}}