{"id":30383,"date":"2026-02-20T14:51:51","date_gmt":"2026-02-20T13:51:51","guid":{"rendered":"https:\/\/emif.dz\/?post_type=product&#038;p=30383"},"modified":"2026-02-20T14:51:51","modified_gmt":"2026-02-20T13:51:51","slug":"four-encastrable","status":"publish","type":"product","link":"https:\/\/emif.dz\/ar\/product\/four-encastrable\/","title":{"rendered":"FOUR ENCASTRABLE"},"content":{"rendered":"<table class=\"zebra\" border=\"1\" width=\"100%\" cellpadding=\"10\" align=\"center\">\n<tbody>\n<tr bgcolor=\"#004998\">\n<td colspan=\"2\" width=\"100%\"><strong>Caract\u00e9ristiques<\/strong><\/td>\n<\/tr>\n<tr>\n<td bgcolor=\"#549ac6\">Classe<\/td>\n<td width=\"340\">Four<\/td>\n<\/tr>\n<tr>\n<td bgcolor=\"#549ac6\">Mod\u00e8le<\/td>\n<td width=\"340\">ENCASTRABLE<\/td>\n<\/tr>\n<tr>\n<td bgcolor=\"#549ac6\">Largeur<\/td>\n<td width=\"340\">600 mm<\/td>\n<\/tr>\n<tr>\n<td bgcolor=\"#549ac6\">Profondeur<\/td>\n<td width=\"340\">530 mm<\/td>\n<\/tr>\n<tr>\n<td bgcolor=\"#549ac6\">Hauteur<\/td>\n<td width=\"340\">600 mm<\/td>\n<\/tr>\n<tr>\n<td bgcolor=\"#549ac6\">Minuterie<\/td>\n<td width=\"340\">60 min<\/td>\n<\/tr>\n<tr>\n<td bgcolor=\"#549ac6\">Capacit\u00e9 du four<\/td>\n<td width=\"340\">58 litres<\/td>\n<\/tr>\n<tr>\n<td bgcolor=\"#549ac6\">Options<\/td>\n<td width=\"340\">grill sup\u00e9rieur et inf\u00e9rieur<\/td>\n<\/tr>\n<tr>\n<td bgcolor=\"#549ac6\">Mat\u00e9riaux<\/td>\n<td width=\"340\">Acier inoxydable + verre tremp\u00e9<\/td>\n<\/tr>\n<tr>\n<td bgcolor=\"#549ac6\">Couleur<\/td>\n<td width=\"340\">Noir<\/td>\n<\/tr>\n<\/tbody>\n<\/table>","protected":false},"excerpt":{"rendered":"<p>Caract\u00e9ristiques Classe Four Mod\u00e8le ENCASTRABLE Largeur 600 mm Profondeur 530 mm Hauteur 600 mm Minuterie 60 min Capacit\u00e9 du four<\/p>","protected":false},"featured_media":0,"comment_status":"open","ping_status":"closed","template":"","meta":{"_acf_changed":false},"product_brand":[211],"product_cat":[134],"product_tag":[],"class_list":{"0":"post-30383","1":"product","2":"type-product","3":"status-publish","5":"product_brand-sonaric","6":"product_cat-fours","8":"first","9":"instock","10":"shipping-taxable","11":"product-type-simple"},"acf":[],"_links":{"self":[{"href":"https:\/\/emif.dz\/ar\/wp-json\/wp\/v2\/product\/30383","targetHints":{"allow":["GET"]}}],"collection":[{"href":"https:\/\/emif.dz\/ar\/wp-json\/wp\/v2\/product"}],"about":[{"href":"https:\/\/emif.dz\/ar\/wp-json\/wp\/v2\/types\/product"}],"replies":[{"embeddable":true,"href":"https:\/\/emif.dz\/ar\/wp-json\/wp\/v2\/comments?post=30383"}],"version-history":[{"count":0,"href":"https:\/\/emif.dz\/ar\/wp-json\/wp\/v2\/product\/30383\/revisions"}],"wp:attachment":[{"href":"https:\/\/emif.dz\/ar\/wp-json\/wp\/v2\/media?parent=30383"}],"wp:term":[{"taxonomy":"product_brand","embeddable":true,"href":"https:\/\/emif.dz\/ar\/wp-json\/wp\/v2\/product_brand?post=30383"},{"taxonomy":"product_cat","embeddable":true,"href":"https:\/\/emif.dz\/ar\/wp-json\/wp\/v2\/product_cat?post=30383"},{"taxonomy":"product_tag","embeddable":true,"href":"https:\/\/emif.dz\/ar\/wp-json\/wp\/v2\/product_tag?post=30383"}],"curies":[{"name":"wp","href":"https:\/\/api.w.org\/{rel}","templated":true}]}}