{"id":30386,"date":"2026-02-20T14:56:04","date_gmt":"2026-02-20T13:56:04","guid":{"rendered":"https:\/\/emif.dz\/?post_type=product&#038;p=30386"},"modified":"2026-02-20T14:56:04","modified_gmt":"2026-02-20T13:56:04","slug":"chauffage-a-gaz-naturel-14","status":"publish","type":"product","link":"https:\/\/emif.dz\/ar\/product\/chauffage-a-gaz-naturel-14\/","title":{"rendered":"Chauffage a gaz naturel 14"},"content":{"rendered":"<div class=\"content-details\">\n<div class=\"prod-name\">\n<div class=\"fiche-tech\">\n<div class=\"fich-display\">\n<h1>Fiche Technique<\/h1>\n<\/div>\n<div class=\"fiche-techdes\">\n<p>Puissance du Gaz : 14 KW<br \/>\nR\u00e9glage de Puissance \u00e0 7 niveaux Allumage Pi\u00e9zo\u00e9lectrique<br \/>\nAvec protection anti-incendie<br \/>\nAvec dispositif ODS<br \/>\nAvec Vanne Thermostatique<br \/>\nGaz Naturel &#8211; G20<br \/>\nPression du Gaz : 20 mbar<br \/>\nZone de chauffage : 100- 40 m\u00e8tres cubes<\/p>\n<\/div>\n<\/div>\n<\/div>\n<\/div>\n<div class=\"produits-similaires\"><\/div>","protected":false},"excerpt":{"rendered":"<p>Fiche Technique Puissance du Gaz : 14 KW R\u00e9glage de Puissance \u00e0 7 niveaux Allumage Pi\u00e9zo\u00e9lectrique Avec protection anti-incendie Avec<\/p>","protected":false},"featured_media":0,"comment_status":"open","ping_status":"closed","template":"","meta":{"_acf_changed":false},"product_brand":[233],"product_cat":[140],"product_tag":[],"class_list":{"0":"post-30386","1":"product","2":"type-product","3":"status-publish","5":"product_brand-geant","6":"product_cat-chauffages","8":"first","9":"instock","10":"shipping-taxable","11":"product-type-simple"},"acf":[],"_links":{"self":[{"href":"https:\/\/emif.dz\/ar\/wp-json\/wp\/v2\/product\/30386","targetHints":{"allow":["GET"]}}],"collection":[{"href":"https:\/\/emif.dz\/ar\/wp-json\/wp\/v2\/product"}],"about":[{"href":"https:\/\/emif.dz\/ar\/wp-json\/wp\/v2\/types\/product"}],"replies":[{"embeddable":true,"href":"https:\/\/emif.dz\/ar\/wp-json\/wp\/v2\/comments?post=30386"}],"version-history":[{"count":0,"href":"https:\/\/emif.dz\/ar\/wp-json\/wp\/v2\/product\/30386\/revisions"}],"wp:attachment":[{"href":"https:\/\/emif.dz\/ar\/wp-json\/wp\/v2\/media?parent=30386"}],"wp:term":[{"taxonomy":"product_brand","embeddable":true,"href":"https:\/\/emif.dz\/ar\/wp-json\/wp\/v2\/product_brand?post=30386"},{"taxonomy":"product_cat","embeddable":true,"href":"https:\/\/emif.dz\/ar\/wp-json\/wp\/v2\/product_cat?post=30386"},{"taxonomy":"product_tag","embeddable":true,"href":"https:\/\/emif.dz\/ar\/wp-json\/wp\/v2\/product_tag?post=30386"}],"curies":[{"name":"wp","href":"https:\/\/api.w.org\/{rel}","templated":true}]}}