{"id":30424,"date":"2026-02-20T15:23:34","date_gmt":"2026-02-20T14:23:34","guid":{"rendered":"https:\/\/emif.dz\/?post_type=product&#038;p=30424"},"modified":"2026-03-16T13:57:24","modified_gmt":"2026-03-16T12:57:24","slug":"table-de-cuisson-encastrable-inox-4","status":"publish","type":"product","link":"https:\/\/emif.dz\/ar\/product\/table-de-cuisson-encastrable-inox-4\/","title":{"rendered":"Table de Cuisson Encastrable Inox 4"},"content":{"rendered":"<p>Explorez une palette de saveurs avec pr\u00e9cision gr\u00e2ce aux fonctionnalit\u00e9s de la Table de cuisson Aversa de Condor, con\u00e7ues pour s\u2019adapter \u00e0 votre style de cuisine.<\/p>","protected":false},"excerpt":{"rendered":"<p>Explorez une palette de saveurs avec pr\u00e9cision gr\u00e2ce aux fonctionnalit\u00e9s de la Table de cuisson Aversa de Condor, con\u00e7ues pour<\/p>","protected":false},"featured_media":0,"comment_status":"open","ping_status":"closed","template":"","meta":{"_acf_changed":false},"product_brand":[232],"product_cat":[133],"product_tag":[],"class_list":{"0":"post-30424","1":"product","2":"type-product","3":"status-publish","5":"product_brand-condor","6":"product_cat-plaques-de-cuisson","8":"first","9":"instock","10":"shipping-taxable","11":"purchasable","12":"product-type-simple"},"acf":[],"_links":{"self":[{"href":"https:\/\/emif.dz\/ar\/wp-json\/wp\/v2\/product\/30424","targetHints":{"allow":["GET"]}}],"collection":[{"href":"https:\/\/emif.dz\/ar\/wp-json\/wp\/v2\/product"}],"about":[{"href":"https:\/\/emif.dz\/ar\/wp-json\/wp\/v2\/types\/product"}],"replies":[{"embeddable":true,"href":"https:\/\/emif.dz\/ar\/wp-json\/wp\/v2\/comments?post=30424"}],"version-history":[{"count":0,"href":"https:\/\/emif.dz\/ar\/wp-json\/wp\/v2\/product\/30424\/revisions"}],"wp:attachment":[{"href":"https:\/\/emif.dz\/ar\/wp-json\/wp\/v2\/media?parent=30424"}],"wp:term":[{"taxonomy":"product_brand","embeddable":true,"href":"https:\/\/emif.dz\/ar\/wp-json\/wp\/v2\/product_brand?post=30424"},{"taxonomy":"product_cat","embeddable":true,"href":"https:\/\/emif.dz\/ar\/wp-json\/wp\/v2\/product_cat?post=30424"},{"taxonomy":"product_tag","embeddable":true,"href":"https:\/\/emif.dz\/ar\/wp-json\/wp\/v2\/product_tag?post=30424"}],"curies":[{"name":"wp","href":"https:\/\/api.w.org\/{rel}","templated":true}]}}