{"id":30427,"date":"2026-02-20T15:25:41","date_gmt":"2026-02-20T14:25:41","guid":{"rendered":"https:\/\/emif.dz\/?post_type=product&#038;p=30427"},"modified":"2026-03-16T13:55:35","modified_gmt":"2026-03-16T12:55:35","slug":"lave-vaisselle-condor-luxa-glass-auto-dose-verre-noir-16-couverts","status":"publish","type":"product","link":"https:\/\/emif.dz\/ar\/product\/lave-vaisselle-condor-luxa-glass-auto-dose-verre-noir-16-couverts\/","title":{"rendered":"Lave-Vaisselle CONDOR LUXA Glass Auto-Dose Verre noir 16 Couverts"},"content":{"rendered":"<p>D\u00e9couvrez le lave-vaisselle CONDOR LUXA GLASS 16 Couverts, con\u00e7u pour simplifier la vie des grandes familles et des amateurs de r\u00e9ceptions. Gr\u00e2ce \u00e0 sa capacit\u00e9 de 16 couverts, il accueille facilement tous vos plats, tout en offrant un moteur Inverter BLDC Smart de 3\u1d49 g\u00e9n\u00e9ration pour une efficacit\u00e9 \u00e9nerg\u00e9tique A+++. Profitez des fonctions innovantes Auto-Dose et Auto-Open Door pour un lavage pr\u00e9cis et un s\u00e9chage optimal, le tout dans une \u00e9l\u00e9gante porte en verre noir qui apporte modernit\u00e9 et sophistication \u00e0 votre cuisine.<\/p>","protected":false},"excerpt":{"rendered":"<p>D\u00e9couvrez le lave-vaisselle CONDOR LUXA GLASS 16 Couverts, con\u00e7u pour simplifier la vie des grandes familles et des amateurs de<\/p>","protected":false},"featured_media":0,"comment_status":"open","ping_status":"closed","template":"","meta":{"_acf_changed":false},"product_brand":[232],"product_cat":[136],"product_tag":[],"class_list":{"0":"post-30427","1":"product","2":"type-product","3":"status-publish","5":"product_brand-condor","6":"product_cat-lave-vaisselle","8":"first","9":"instock","10":"shipping-taxable","11":"purchasable","12":"product-type-simple"},"acf":[],"_links":{"self":[{"href":"https:\/\/emif.dz\/ar\/wp-json\/wp\/v2\/product\/30427","targetHints":{"allow":["GET"]}}],"collection":[{"href":"https:\/\/emif.dz\/ar\/wp-json\/wp\/v2\/product"}],"about":[{"href":"https:\/\/emif.dz\/ar\/wp-json\/wp\/v2\/types\/product"}],"replies":[{"embeddable":true,"href":"https:\/\/emif.dz\/ar\/wp-json\/wp\/v2\/comments?post=30427"}],"version-history":[{"count":0,"href":"https:\/\/emif.dz\/ar\/wp-json\/wp\/v2\/product\/30427\/revisions"}],"wp:attachment":[{"href":"https:\/\/emif.dz\/ar\/wp-json\/wp\/v2\/media?parent=30427"}],"wp:term":[{"taxonomy":"product_brand","embeddable":true,"href":"https:\/\/emif.dz\/ar\/wp-json\/wp\/v2\/product_brand?post=30427"},{"taxonomy":"product_cat","embeddable":true,"href":"https:\/\/emif.dz\/ar\/wp-json\/wp\/v2\/product_cat?post=30427"},{"taxonomy":"product_tag","embeddable":true,"href":"https:\/\/emif.dz\/ar\/wp-json\/wp\/v2\/product_tag?post=30427"}],"curies":[{"name":"wp","href":"https:\/\/api.w.org\/{rel}","templated":true}]}}