{"id":30523,"date":"2026-02-23T09:14:29","date_gmt":"2026-02-23T08:14:29","guid":{"rendered":"https:\/\/emif.dz\/?post_type=product&#038;p=30523"},"modified":"2026-02-23T09:14:29","modified_gmt":"2026-02-23T08:14:29","slug":"table-de-cuisson-cristor-verre-noir-70cm","status":"publish","type":"product","link":"https:\/\/emif.dz\/ar\/product\/table-de-cuisson-cristor-verre-noir-70cm\/","title":{"rendered":"Table de cuisson Cristor Verre Noir 70cm"},"content":{"rendered":"<h4 data-start=\"210\" data-end=\"411\">D\u00e9couvrez la table de cuisson Festa 03\u00a0\u00a0<strong data-start=\"252\" data-end=\"315\">Glass\u00a0\u00a0<\/strong>de Cristor\u00a0<strong data-start=\"252\" data-end=\"315\">\u00c9l\u00e9gance et performance<\/strong><\/h4>\n<ul>\n<li data-start=\"281\" data-end=\"371\">\n<p data-start=\"283\" data-end=\"371\"><strong data-start=\"283\" data-end=\"309\">5 br\u00fbleurs dont un Wok<\/strong>\u00a0: cuisson polyvalente pour tous vos plats, m\u00eame volumineux.<\/p>\n<\/li>\n<li data-start=\"372\" data-end=\"441\">\n<p data-start=\"374\" data-end=\"441\"><strong data-start=\"374\" data-end=\"392\">Br\u00fbleurs SABAF<\/strong>\u00a0: puissance fiable et homog\u00e8ne sur chaque feu.<\/p>\n<\/li>\n<li data-start=\"442\" data-end=\"532\">\n<p data-start=\"444\" data-end=\"532\"><strong data-start=\"444\" data-end=\"460\">Thermocouple<\/strong>\u00a0: s\u00e9curit\u00e9 renforc\u00e9e avec arr\u00eat automatique en cas de flamme \u00e9teinte.<\/p>\n<\/li>\n<li data-start=\"533\" data-end=\"614\">\n<p data-start=\"535\" data-end=\"614\"><strong data-start=\"535\" data-end=\"565\">Portes-casseroles en fonte<\/strong>\u00a0: stabilit\u00e9 optimale pour tous vos ustensiles.<\/p>\n<\/li>\n<li data-start=\"615\" data-end=\"707\">\n<p data-start=\"617\" data-end=\"707\"><strong data-start=\"617\" data-end=\"640\">Commandes frontales<\/strong>\u00a0: r\u00e9glage simple et pr\u00e9cis pour un contr\u00f4le total de la cuisson.<\/p>\n<\/li>\n<li data-start=\"708\" data-end=\"783\">\n<p data-start=\"710\" data-end=\"783\"><strong data-start=\"710\" data-end=\"745\">Surface verre facile \u00e0 nettoyer<\/strong>\u00a0: design \u00e9l\u00e9gant et entretien rapide<\/p>\n<\/li>\n<\/ul>","protected":false},"excerpt":{"rendered":"<p>D\u00e9couvrez la table de cuisson Festa 03\u00a0\u00a0Glass\u00a0\u00a0de Cristor\u00a0\u00c9l\u00e9gance et performance 5 br\u00fbleurs dont un Wok\u00a0: cuisson polyvalente pour tous vos<\/p>","protected":false},"featured_media":0,"comment_status":"open","ping_status":"closed","template":"","meta":{"_acf_changed":false},"product_brand":[235],"product_cat":[133],"product_tag":[],"class_list":{"0":"post-30523","1":"product","2":"type-product","3":"status-publish","5":"product_brand-cristor","6":"product_cat-plaques-de-cuisson","8":"first","9":"instock","10":"shipping-taxable","11":"purchasable","12":"product-type-simple"},"acf":[],"_links":{"self":[{"href":"https:\/\/emif.dz\/ar\/wp-json\/wp\/v2\/product\/30523","targetHints":{"allow":["GET"]}}],"collection":[{"href":"https:\/\/emif.dz\/ar\/wp-json\/wp\/v2\/product"}],"about":[{"href":"https:\/\/emif.dz\/ar\/wp-json\/wp\/v2\/types\/product"}],"replies":[{"embeddable":true,"href":"https:\/\/emif.dz\/ar\/wp-json\/wp\/v2\/comments?post=30523"}],"version-history":[{"count":0,"href":"https:\/\/emif.dz\/ar\/wp-json\/wp\/v2\/product\/30523\/revisions"}],"wp:attachment":[{"href":"https:\/\/emif.dz\/ar\/wp-json\/wp\/v2\/media?parent=30523"}],"wp:term":[{"taxonomy":"product_brand","embeddable":true,"href":"https:\/\/emif.dz\/ar\/wp-json\/wp\/v2\/product_brand?post=30523"},{"taxonomy":"product_cat","embeddable":true,"href":"https:\/\/emif.dz\/ar\/wp-json\/wp\/v2\/product_cat?post=30523"},{"taxonomy":"product_tag","embeddable":true,"href":"https:\/\/emif.dz\/ar\/wp-json\/wp\/v2\/product_tag?post=30523"}],"curies":[{"name":"wp","href":"https:\/\/api.w.org\/{rel}","templated":true}]}}