{"id":30537,"date":"2026-02-23T18:09:16","date_gmt":"2026-02-23T17:09:16","guid":{"rendered":"https:\/\/emif.dz\/?post_type=product&#038;p=30537"},"modified":"2026-03-16T13:44:22","modified_gmt":"2026-03-16T12:44:22","slug":"refrigerateur-side-by-side-crs81ndx-no-frost-inverter","status":"publish","type":"product","link":"https:\/\/emif.dz\/ar\/product\/refrigerateur-side-by-side-crs81ndx-no-frost-inverter\/","title":{"rendered":"R\u00e9frig\u00e9rateur Side By Side CRS81NDX \u2013 No Frost Inverter"},"content":{"rendered":"<p>D\u00e9couvrez le\u00a0<strong>R\u00e9frig\u00e9rateur Side by Side 640 L<\/strong>\u00a0qui allie performance, \u00e9l\u00e9gance et praticit\u00e9. Con\u00e7u pour r\u00e9pondre \u00e0 tous vos besoins de conservation, ce r\u00e9frig\u00e9rateur vous garantit une organisation optimale de vos aliments tout en apportant une touche de modernit\u00e9 \u00e0 votre cuisine.<\/p>","protected":false},"excerpt":{"rendered":"<p>D\u00e9couvrez le\u00a0R\u00e9frig\u00e9rateur Side by Side 640 L\u00a0qui allie performance, \u00e9l\u00e9gance et praticit\u00e9. Con\u00e7u pour r\u00e9pondre \u00e0 tous vos besoins de<\/p>","protected":false},"featured_media":0,"comment_status":"open","ping_status":"closed","template":"","meta":{"_acf_changed":false},"product_brand":[232],"product_cat":[127],"product_tag":[],"class_list":{"0":"post-30537","1":"product","2":"type-product","3":"status-publish","5":"product_brand-condor","6":"product_cat-refrigerateurs","8":"first","9":"instock","10":"shipping-taxable","11":"purchasable","12":"product-type-simple"},"acf":[],"_links":{"self":[{"href":"https:\/\/emif.dz\/ar\/wp-json\/wp\/v2\/product\/30537","targetHints":{"allow":["GET"]}}],"collection":[{"href":"https:\/\/emif.dz\/ar\/wp-json\/wp\/v2\/product"}],"about":[{"href":"https:\/\/emif.dz\/ar\/wp-json\/wp\/v2\/types\/product"}],"replies":[{"embeddable":true,"href":"https:\/\/emif.dz\/ar\/wp-json\/wp\/v2\/comments?post=30537"}],"version-history":[{"count":0,"href":"https:\/\/emif.dz\/ar\/wp-json\/wp\/v2\/product\/30537\/revisions"}],"wp:attachment":[{"href":"https:\/\/emif.dz\/ar\/wp-json\/wp\/v2\/media?parent=30537"}],"wp:term":[{"taxonomy":"product_brand","embeddable":true,"href":"https:\/\/emif.dz\/ar\/wp-json\/wp\/v2\/product_brand?post=30537"},{"taxonomy":"product_cat","embeddable":true,"href":"https:\/\/emif.dz\/ar\/wp-json\/wp\/v2\/product_cat?post=30537"},{"taxonomy":"product_tag","embeddable":true,"href":"https:\/\/emif.dz\/ar\/wp-json\/wp\/v2\/product_tag?post=30537"}],"curies":[{"name":"wp","href":"https:\/\/api.w.org\/{rel}","templated":true}]}}