{"id":30542,"date":"2026-02-24T10:36:59","date_gmt":"2026-02-24T09:36:59","guid":{"rendered":"https:\/\/emif.dz\/?post_type=product&#038;p=30542"},"modified":"2026-03-24T09:57:35","modified_gmt":"2026-03-24T08:57:35","slug":"clim-18kbtu-super_tropical-alpha84","status":"publish","type":"product","link":"https:\/\/emif.dz\/ar\/product\/clim-18kbtu-super_tropical-alpha84\/","title":{"rendered":"CLIM 18KBtu SUPER_TROPICAL ALPHA84"},"content":{"rendered":"<p>Le Climatiseur CONDOR ALPHA Inverter Super Tropical 18K Btu, est con\u00e7u pour fonctionner dans toutes les conditions m\u00e9t\u00e9orologiques extr\u00eames. Rien ne l\u2019arr\u00eate, \u00e9t\u00e9 comme hiver -15 \u00b0C jusqu\u2019au +60 \u00b0C, dot\u00e9 de la technologie Inverter qui vous fait gagner de l\u2019argent en silence pour longtemps.<\/p>","protected":false},"excerpt":{"rendered":"<p>Le Climatiseur CONDOR ALPHA Inverter Super Tropical 18K Btu, est con\u00e7u pour fonctionner dans toutes les conditions m\u00e9t\u00e9orologiques extr\u00eames. Rien<\/p>","protected":false},"featured_media":0,"comment_status":"open","ping_status":"closed","template":"","meta":{"_acf_changed":false},"product_brand":[232],"product_cat":[129],"product_tag":[],"class_list":{"0":"post-30542","1":"product","2":"type-product","3":"status-publish","5":"product_brand-condor","6":"product_cat-climatiseurs","8":"first","9":"instock","10":"shipping-taxable","11":"purchasable","12":"product-type-simple"},"acf":[],"_links":{"self":[{"href":"https:\/\/emif.dz\/ar\/wp-json\/wp\/v2\/product\/30542","targetHints":{"allow":["GET"]}}],"collection":[{"href":"https:\/\/emif.dz\/ar\/wp-json\/wp\/v2\/product"}],"about":[{"href":"https:\/\/emif.dz\/ar\/wp-json\/wp\/v2\/types\/product"}],"replies":[{"embeddable":true,"href":"https:\/\/emif.dz\/ar\/wp-json\/wp\/v2\/comments?post=30542"}],"version-history":[{"count":0,"href":"https:\/\/emif.dz\/ar\/wp-json\/wp\/v2\/product\/30542\/revisions"}],"wp:attachment":[{"href":"https:\/\/emif.dz\/ar\/wp-json\/wp\/v2\/media?parent=30542"}],"wp:term":[{"taxonomy":"product_brand","embeddable":true,"href":"https:\/\/emif.dz\/ar\/wp-json\/wp\/v2\/product_brand?post=30542"},{"taxonomy":"product_cat","embeddable":true,"href":"https:\/\/emif.dz\/ar\/wp-json\/wp\/v2\/product_cat?post=30542"},{"taxonomy":"product_tag","embeddable":true,"href":"https:\/\/emif.dz\/ar\/wp-json\/wp\/v2\/product_tag?post=30542"}],"curies":[{"name":"wp","href":"https:\/\/api.w.org\/{rel}","templated":true}]}}