{"id":30551,"date":"2026-02-25T14:01:25","date_gmt":"2026-02-25T13:01:25","guid":{"rendered":"https:\/\/emif.dz\/?post_type=product&#038;p=30551"},"modified":"2026-03-16T13:39:37","modified_gmt":"2026-03-16T12:39:37","slug":"refrigerateur-02-portes-crdn760ax-no-frost-inverter","status":"publish","type":"product","link":"https:\/\/emif.dz\/ar\/product\/refrigerateur-02-portes-crdn760ax-no-frost-inverter\/","title":{"rendered":"R\u00e9frig\u00e9rateur 02 Portes CRDN760AX \u2013 No Frost Inverter"},"content":{"rendered":"<p>Le r\u00e9frig\u00e9rateur double porte de Condor, d\u2019une capacit\u00e9 nette de 564 litres, \u00e9quip\u00e9 d\u2019un compresseur Inverter\u00a0 pour une efficacit\u00e9 \u00e9nerg\u00e9tique accrue. et la technologie No Frost, \u00e9liminant la formation de givre pour un entretien plus facile. Class\u00e9 en cat\u00e9gorie \u00e9nerg\u00e9tique A+ pour son efficacit\u00e9 \u00e9nerg\u00e9tique, \u00e9quip\u00e9 d\u2019un afficheur digital ,Offrant une ma\u00eetrise parfaite de la temp\u00e9rature , sa finition en inox lui conf\u00e8re un aspect moderne et \u00e9pur\u00e9, id\u00e9al pour s\u2019int\u00e9grer dans divers espaces domestique .<\/p>","protected":false},"excerpt":{"rendered":"<p>Le r\u00e9frig\u00e9rateur double porte de Condor, d\u2019une capacit\u00e9 nette de 564 litres, \u00e9quip\u00e9 d\u2019un compresseur Inverter\u00a0 pour une efficacit\u00e9 \u00e9nerg\u00e9tique<\/p>","protected":false},"featured_media":0,"comment_status":"open","ping_status":"closed","template":"","meta":{"_acf_changed":false},"product_brand":[232],"product_cat":[127],"product_tag":[],"class_list":{"0":"post-30551","1":"product","2":"type-product","3":"status-publish","5":"product_brand-condor","6":"product_cat-refrigerateurs","8":"first","9":"instock","10":"shipping-taxable","11":"purchasable","12":"product-type-simple"},"acf":[],"_links":{"self":[{"href":"https:\/\/emif.dz\/ar\/wp-json\/wp\/v2\/product\/30551","targetHints":{"allow":["GET"]}}],"collection":[{"href":"https:\/\/emif.dz\/ar\/wp-json\/wp\/v2\/product"}],"about":[{"href":"https:\/\/emif.dz\/ar\/wp-json\/wp\/v2\/types\/product"}],"replies":[{"embeddable":true,"href":"https:\/\/emif.dz\/ar\/wp-json\/wp\/v2\/comments?post=30551"}],"version-history":[{"count":0,"href":"https:\/\/emif.dz\/ar\/wp-json\/wp\/v2\/product\/30551\/revisions"}],"wp:attachment":[{"href":"https:\/\/emif.dz\/ar\/wp-json\/wp\/v2\/media?parent=30551"}],"wp:term":[{"taxonomy":"product_brand","embeddable":true,"href":"https:\/\/emif.dz\/ar\/wp-json\/wp\/v2\/product_brand?post=30551"},{"taxonomy":"product_cat","embeddable":true,"href":"https:\/\/emif.dz\/ar\/wp-json\/wp\/v2\/product_cat?post=30551"},{"taxonomy":"product_tag","embeddable":true,"href":"https:\/\/emif.dz\/ar\/wp-json\/wp\/v2\/product_tag?post=30551"}],"curies":[{"name":"wp","href":"https:\/\/api.w.org\/{rel}","templated":true}]}}