{"id":30556,"date":"2026-02-25T14:09:13","date_gmt":"2026-02-25T13:09:13","guid":{"rendered":"https:\/\/emif.dz\/?post_type=product&#038;p=30556"},"modified":"2026-03-16T13:37:58","modified_gmt":"2026-03-16T12:37:58","slug":"petrin-8l-power-mix-multi-fonction-double-crochet","status":"publish","type":"product","link":"https:\/\/emif.dz\/ar\/product\/petrin-8l-power-mix-multi-fonction-double-crochet\/","title":{"rendered":"P\u00e9trin 8L POWER MIX Multi Fonction \u2013 Double Crochet"},"content":{"rendered":"<p>D\u00e9couvrez le p\u00e9trin Condor PowerMix double crochet, un alli\u00e9 puissant et polyvalent pour votre cuisine. Avec ses 1600 W de puissance, 8 vitesses et un bol inoxydable de 8 L, il r\u00e9pond \u00e0 tous vos besoins de p\u00e9trissage. De plus, son blender de 1,5 L et son hachoir en font l\u2019outil id\u00e9al pour une pr\u00e9paration pr\u00e9cise et efficace.<\/p>","protected":false},"excerpt":{"rendered":"<p>D\u00e9couvrez le p\u00e9trin Condor PowerMix double crochet, un alli\u00e9 puissant et polyvalent pour votre cuisine. Avec ses 1600 W de<\/p>","protected":false},"featured_media":0,"comment_status":"open","ping_status":"closed","template":"","meta":{"_acf_changed":false},"product_brand":[232],"product_cat":[131],"product_tag":[],"class_list":{"0":"post-30556","1":"product","2":"type-product","3":"status-publish","5":"product_brand-condor","6":"product_cat-robots-petrins","8":"first","9":"instock","10":"shipping-taxable","11":"purchasable","12":"product-type-simple"},"acf":[],"_links":{"self":[{"href":"https:\/\/emif.dz\/ar\/wp-json\/wp\/v2\/product\/30556","targetHints":{"allow":["GET"]}}],"collection":[{"href":"https:\/\/emif.dz\/ar\/wp-json\/wp\/v2\/product"}],"about":[{"href":"https:\/\/emif.dz\/ar\/wp-json\/wp\/v2\/types\/product"}],"replies":[{"embeddable":true,"href":"https:\/\/emif.dz\/ar\/wp-json\/wp\/v2\/comments?post=30556"}],"version-history":[{"count":0,"href":"https:\/\/emif.dz\/ar\/wp-json\/wp\/v2\/product\/30556\/revisions"}],"wp:attachment":[{"href":"https:\/\/emif.dz\/ar\/wp-json\/wp\/v2\/media?parent=30556"}],"wp:term":[{"taxonomy":"product_brand","embeddable":true,"href":"https:\/\/emif.dz\/ar\/wp-json\/wp\/v2\/product_brand?post=30556"},{"taxonomy":"product_cat","embeddable":true,"href":"https:\/\/emif.dz\/ar\/wp-json\/wp\/v2\/product_cat?post=30556"},{"taxonomy":"product_tag","embeddable":true,"href":"https:\/\/emif.dz\/ar\/wp-json\/wp\/v2\/product_tag?post=30556"}],"curies":[{"name":"wp","href":"https:\/\/api.w.org\/{rel}","templated":true}]}}