{"id":30569,"date":"2026-02-26T10:29:35","date_gmt":"2026-02-26T09:29:35","guid":{"rendered":"https:\/\/emif.dz\/?post_type=product&#038;p=30569"},"modified":"2026-03-16T13:33:23","modified_gmt":"2026-03-16T12:33:23","slug":"tv-dled-ug730-55%e2%80%b3-4k-google-tv","status":"publish","type":"product","link":"https:\/\/emif.dz\/ar\/product\/tv-dled-ug730-55%e2%80%b3-4k-google-tv\/","title":{"rendered":"TV DLED UG730 55\u2033 \u2013 4K Google TV"},"content":{"rendered":"<p><span dir=\"auto\" style=\"vertical-align: inherit\"><span dir=\"auto\" style=\"vertical-align: inherit\"><span dir=\"auto\" style=\"vertical-align: inherit\"><span dir=\"auto\" style=\"vertical-align: inherit\">La\u00a0 <\/span><\/span><\/span><\/span><strong><span dir=\"auto\" style=\"vertical-align: inherit\"><span dir=\"auto\" style=\"vertical-align: inherit\"><span dir=\"auto\" style=\"vertical-align: inherit\"><span dir=\"auto\" style=\"vertical-align: inherit\">TV CONDOR S\u00e9rie G7 (730)<\/span><\/span><\/span><\/span><\/strong><span dir=\"auto\" style=\"vertical-align: inherit\"><span dir=\"auto\" style=\"vertical-align: inherit\"><span dir=\"auto\" style=\"vertical-align: inherit\"><span dir=\"auto\" style=\"vertical-align: inherit\"> , avec son \u00e9cran de 55 pouces (140 cm), est un mod\u00e8le con\u00e7u pour offrir une qualit\u00e9 d&#8217;image exceptionnelle gr\u00e2ce \u00e0 la r\u00e9solution\u00a0 <\/span><\/span><\/span><\/span><strong><span dir=\"auto\" style=\"vertical-align: inherit\"><span dir=\"auto\" style=\"vertical-align: inherit\"><span dir=\"auto\" style=\"vertical-align: inherit\"><span dir=\"auto\" style=\"vertical-align: inherit\">4K UHD<\/span><\/span><\/span><\/span><\/strong><span dir=\"auto\" style=\"vertical-align: inherit\"><span dir=\"auto\" style=\"vertical-align: inherit\"><span dir=\"auto\" style=\"vertical-align: inherit\"><span dir=\"auto\" style=\"vertical-align: inherit\"> \u00a0qui affiche des images nettes et d\u00e9taill\u00e9es, avec une pr\u00e9cision de couleurs remarquable. La technologie\u00a0 <\/span><\/span><\/span><\/span><strong><span dir=\"auto\" style=\"vertical-align: inherit\"><span dir=\"auto\" style=\"vertical-align: inherit\"><span dir=\"auto\" style=\"vertical-align: inherit\"><span dir=\"auto\" style=\"vertical-align: inherit\">DLED<\/span><\/span><\/span><\/span><\/strong><span dir=\"auto\" style=\"vertical-align: inherit\"><span dir=\"auto\" style=\"vertical-align: inherit\"><span dir=\"auto\" style=\"vertical-align: inherit\"><span dir=\"auto\" style=\"vertical-align: inherit\"> \u00a0garantit une luminosit\u00e9 homog\u00e8ne, des noirs profonds et un contraste dynamique am\u00e9lior\u00e9.<\/span><\/span><\/span><\/span><\/p>","protected":false},"excerpt":{"rendered":"<p>La\u00a0 TV CONDOR S\u00e9rie G7 (730) , avec son \u00e9cran de 55 pouces (140 cm), est un mod\u00e8le con\u00e7u pour<\/p>","protected":false},"featured_media":0,"comment_status":"open","ping_status":"closed","template":"","meta":{"_acf_changed":false},"product_brand":[232],"product_cat":[126],"product_tag":[],"class_list":{"0":"post-30569","1":"product","2":"type-product","3":"status-publish","5":"product_brand-condor","6":"product_cat-televisions","8":"first","9":"instock","10":"shipping-taxable","11":"purchasable","12":"product-type-simple"},"acf":[],"_links":{"self":[{"href":"https:\/\/emif.dz\/ar\/wp-json\/wp\/v2\/product\/30569","targetHints":{"allow":["GET"]}}],"collection":[{"href":"https:\/\/emif.dz\/ar\/wp-json\/wp\/v2\/product"}],"about":[{"href":"https:\/\/emif.dz\/ar\/wp-json\/wp\/v2\/types\/product"}],"replies":[{"embeddable":true,"href":"https:\/\/emif.dz\/ar\/wp-json\/wp\/v2\/comments?post=30569"}],"version-history":[{"count":0,"href":"https:\/\/emif.dz\/ar\/wp-json\/wp\/v2\/product\/30569\/revisions"}],"wp:attachment":[{"href":"https:\/\/emif.dz\/ar\/wp-json\/wp\/v2\/media?parent=30569"}],"wp:term":[{"taxonomy":"product_brand","embeddable":true,"href":"https:\/\/emif.dz\/ar\/wp-json\/wp\/v2\/product_brand?post=30569"},{"taxonomy":"product_cat","embeddable":true,"href":"https:\/\/emif.dz\/ar\/wp-json\/wp\/v2\/product_cat?post=30569"},{"taxonomy":"product_tag","embeddable":true,"href":"https:\/\/emif.dz\/ar\/wp-json\/wp\/v2\/product_tag?post=30569"}],"curies":[{"name":"wp","href":"https:\/\/api.w.org\/{rel}","templated":true}]}}