{"id":30591,"date":"2026-02-26T11:09:24","date_gmt":"2026-02-26T10:09:24","guid":{"rendered":"https:\/\/emif.dz\/?post_type=product&#038;p=30591"},"modified":"2026-03-16T10:19:50","modified_gmt":"2026-03-16T09:19:50","slug":"table-cuis-encas-citronella20-90-5f-inox","status":"publish","type":"product","link":"https:\/\/emif.dz\/ar\/product\/table-cuis-encas-citronella20-90-5f-inox\/","title":{"rendered":"TABLE CUIS ENCAS CITRONELLA20 90\/5F\/INOX"},"content":{"rendered":"<p>Que vous soyez un passionn\u00e9 de cuisine ou un chef professionnel, la table de cuisson \u00e0 gaz Filini de Condor est l\u2019outil id\u00e9al pour lib\u00e9rer votre cr\u00e9ativit\u00e9 culinaire. Offrant une combinaison parfaite de style.<\/p>","protected":false},"excerpt":{"rendered":"<p>Que vous soyez un passionn\u00e9 de cuisine ou un chef professionnel, la table de cuisson \u00e0 gaz Filini de Condor<\/p>","protected":false},"featured_media":0,"comment_status":"open","ping_status":"closed","template":"","meta":{"_acf_changed":false},"product_brand":[232],"product_cat":[133],"product_tag":[],"class_list":{"0":"post-30591","1":"product","2":"type-product","3":"status-publish","5":"product_brand-condor","6":"product_cat-plaques-de-cuisson","8":"first","9":"instock","10":"shipping-taxable","11":"purchasable","12":"product-type-simple"},"acf":[],"_links":{"self":[{"href":"https:\/\/emif.dz\/ar\/wp-json\/wp\/v2\/product\/30591","targetHints":{"allow":["GET"]}}],"collection":[{"href":"https:\/\/emif.dz\/ar\/wp-json\/wp\/v2\/product"}],"about":[{"href":"https:\/\/emif.dz\/ar\/wp-json\/wp\/v2\/types\/product"}],"replies":[{"embeddable":true,"href":"https:\/\/emif.dz\/ar\/wp-json\/wp\/v2\/comments?post=30591"}],"version-history":[{"count":0,"href":"https:\/\/emif.dz\/ar\/wp-json\/wp\/v2\/product\/30591\/revisions"}],"wp:attachment":[{"href":"https:\/\/emif.dz\/ar\/wp-json\/wp\/v2\/media?parent=30591"}],"wp:term":[{"taxonomy":"product_brand","embeddable":true,"href":"https:\/\/emif.dz\/ar\/wp-json\/wp\/v2\/product_brand?post=30591"},{"taxonomy":"product_cat","embeddable":true,"href":"https:\/\/emif.dz\/ar\/wp-json\/wp\/v2\/product_cat?post=30591"},{"taxonomy":"product_tag","embeddable":true,"href":"https:\/\/emif.dz\/ar\/wp-json\/wp\/v2\/product_tag?post=30591"}],"curies":[{"name":"wp","href":"https:\/\/api.w.org\/{rel}","templated":true}]}}