{"id":30604,"date":"2026-02-26T11:20:20","date_gmt":"2026-02-26T10:20:20","guid":{"rendered":"https:\/\/emif.dz\/?post_type=product&#038;p=30604"},"modified":"2026-03-16T10:15:17","modified_gmt":"2026-03-16T09:15:17","slug":"four-encastrable-gaz-elect-digital-rimina","status":"publish","type":"product","link":"https:\/\/emif.dz\/ar\/product\/four-encastrable-gaz-elect-digital-rimina\/","title":{"rendered":"Four Encastrable Gaz-Elect Digital Rimina"},"content":{"rendered":"<p>Alliant gaz et \u00e9lectricit\u00e9, ce four moderne en inox garantit une cuisson rapide et homog\u00e8ne. Pratique et \u00e9l\u00e9gant, il est l\u2019outil parfait pour une cuisine efficace.<\/p>","protected":false},"excerpt":{"rendered":"<p>Alliant gaz et \u00e9lectricit\u00e9, ce four moderne en inox garantit une cuisson rapide et homog\u00e8ne. Pratique et \u00e9l\u00e9gant, il est<\/p>","protected":false},"featured_media":0,"comment_status":"open","ping_status":"closed","template":"","meta":{"_acf_changed":false},"product_brand":[232],"product_cat":[134],"product_tag":[],"class_list":{"0":"post-30604","1":"product","2":"type-product","3":"status-publish","5":"product_brand-condor","6":"product_cat-fours","8":"first","9":"instock","10":"shipping-taxable","11":"purchasable","12":"product-type-simple"},"acf":[],"_links":{"self":[{"href":"https:\/\/emif.dz\/ar\/wp-json\/wp\/v2\/product\/30604","targetHints":{"allow":["GET"]}}],"collection":[{"href":"https:\/\/emif.dz\/ar\/wp-json\/wp\/v2\/product"}],"about":[{"href":"https:\/\/emif.dz\/ar\/wp-json\/wp\/v2\/types\/product"}],"replies":[{"embeddable":true,"href":"https:\/\/emif.dz\/ar\/wp-json\/wp\/v2\/comments?post=30604"}],"version-history":[{"count":0,"href":"https:\/\/emif.dz\/ar\/wp-json\/wp\/v2\/product\/30604\/revisions"}],"wp:attachment":[{"href":"https:\/\/emif.dz\/ar\/wp-json\/wp\/v2\/media?parent=30604"}],"wp:term":[{"taxonomy":"product_brand","embeddable":true,"href":"https:\/\/emif.dz\/ar\/wp-json\/wp\/v2\/product_brand?post=30604"},{"taxonomy":"product_cat","embeddable":true,"href":"https:\/\/emif.dz\/ar\/wp-json\/wp\/v2\/product_cat?post=30604"},{"taxonomy":"product_tag","embeddable":true,"href":"https:\/\/emif.dz\/ar\/wp-json\/wp\/v2\/product_tag?post=30604"}],"curies":[{"name":"wp","href":"https:\/\/api.w.org\/{rel}","templated":true}]}}