{"id":30649,"date":"2026-03-01T10:34:46","date_gmt":"2026-03-01T09:34:46","guid":{"rendered":"https:\/\/emif.dz\/?post_type=product&#038;p=30649"},"modified":"2026-03-01T16:40:49","modified_gmt":"2026-03-01T15:40:49","slug":"lave-vaisselle-hisense-inox-13-couverts","status":"publish","type":"product","link":"https:\/\/emif.dz\/ar\/product\/lave-vaisselle-hisense-inox-13-couverts\/","title":{"rendered":"Lave vaisselle HISENSE Inox \u2013 13 couverts"},"content":{"rendered":"<ul>\n<li data-start=\"239\" data-end=\"301\">Capacit\u00e9 de 13 couverts adapt\u00e9e aux foyers de taille moyenne<\/li>\n<li data-start=\"304\" data-end=\"361\">8 programmes de lavage pour tous les types de vaisselle<\/li>\n<li data-start=\"364\" data-end=\"432\">Cuve en inox r\u00e9sistante et hygi\u00e9nique pour une durabilit\u00e9 optimale<\/li>\n<li data-start=\"364\" data-end=\"432\">Classe \u00e9nerg\u00e9tique A++ pour une consommation ma\u00eetris\u00e9e<\/li>\n<\/ul>","protected":false},"excerpt":{"rendered":"<p>Capacit\u00e9 de 13 couverts adapt\u00e9e aux foyers de taille moyenne 8 programmes de lavage pour tous les types de vaisselle<\/p>","protected":false},"featured_media":0,"comment_status":"open","ping_status":"closed","template":"","meta":{"_acf_changed":false},"product_brand":[237],"product_cat":[136],"product_tag":[],"class_list":{"0":"post-30649","1":"product","2":"type-product","3":"status-publish","5":"product_brand-hisense","6":"product_cat-lave-vaisselle","8":"first","9":"instock","10":"shipping-taxable","11":"purchasable","12":"product-type-simple"},"acf":[],"_links":{"self":[{"href":"https:\/\/emif.dz\/ar\/wp-json\/wp\/v2\/product\/30649","targetHints":{"allow":["GET"]}}],"collection":[{"href":"https:\/\/emif.dz\/ar\/wp-json\/wp\/v2\/product"}],"about":[{"href":"https:\/\/emif.dz\/ar\/wp-json\/wp\/v2\/types\/product"}],"replies":[{"embeddable":true,"href":"https:\/\/emif.dz\/ar\/wp-json\/wp\/v2\/comments?post=30649"}],"version-history":[{"count":0,"href":"https:\/\/emif.dz\/ar\/wp-json\/wp\/v2\/product\/30649\/revisions"}],"wp:attachment":[{"href":"https:\/\/emif.dz\/ar\/wp-json\/wp\/v2\/media?parent=30649"}],"wp:term":[{"taxonomy":"product_brand","embeddable":true,"href":"https:\/\/emif.dz\/ar\/wp-json\/wp\/v2\/product_brand?post=30649"},{"taxonomy":"product_cat","embeddable":true,"href":"https:\/\/emif.dz\/ar\/wp-json\/wp\/v2\/product_cat?post=30649"},{"taxonomy":"product_tag","embeddable":true,"href":"https:\/\/emif.dz\/ar\/wp-json\/wp\/v2\/product_tag?post=30649"}],"curies":[{"name":"wp","href":"https:\/\/api.w.org\/{rel}","templated":true}]}}