{"id":30723,"date":"2026-03-16T14:54:40","date_gmt":"2026-03-16T13:54:40","guid":{"rendered":"https:\/\/emif.dz\/?post_type=product&#038;p=30723"},"modified":"2026-03-16T14:54:41","modified_gmt":"2026-03-16T13:54:41","slug":"cuisiniere-6555-sf-eniem","status":"publish","type":"product","link":"https:\/\/emif.dz\/ar\/product\/cuisiniere-6555-sf-eniem\/","title":{"rendered":"CUISINIERE 6555 SF ENIEM"},"content":{"rendered":"<h2><strong>Caract\u00e9ristiques Techniques:<\/strong><\/h2>\n<ul>\n<li>\n<h4>Couvercle en verre<\/h4>\n<\/li>\n<li>\n<h4>Allumage \u00e9lectrique des br\u00fbleurs<\/h4>\n<\/li>\n<li>\n<h4>Br\u00fbleurs (02 semi rapides, 01 rapide\u00a0 et 01 auxiliaire)<\/h4>\n<\/li>\n<li>\n<h4>Four ventil\u00e9<\/h4>\n<\/li>\n<li>\n<h4>Porte double vitre<\/h4>\n<\/li>\n<li>\n<h4>Autonettoyant<\/h4>\n<\/li>\n<li>\n<h4>Minuterie<\/h4>\n<\/li>\n<li>\n<h4>Thermostat r\u00e9glable<\/h4>\n<\/li>\n<li>\n<h4>\u00c9clairage int\u00e9rieur<\/h4>\n<\/li>\n<li>\n<h4>Tourne broche<\/h4>\n<\/li>\n<li>\n<h4>Grilloir<\/h4>\n<\/li>\n<li>\n<h4>Compartiment de rangement<\/h4>\n<\/li>\n<li>\n<h4>S\u00e9curit\u00e9 gaz par thermocouple: Table et four<\/h4>\n<\/li>\n<li>\n<h4>Pieds r\u00e9glables<\/h4>\n<\/li>\n<li>\n<h4>Dimensions HxPxL (mm): 850x600x600<\/h4>\n<\/li>\n<li>\n<h4>Poids net (Kg) : 53<\/h4>\n<\/li>\n<li>\n<h4>Couleur: Blanche \/ Noir<\/h4>\n<\/li>\n<\/ul>","protected":false},"excerpt":{"rendered":"<p>Caract\u00e9ristiques Techniques: Couvercle en verre Allumage \u00e9lectrique des br\u00fbleurs Br\u00fbleurs (02 semi rapides, 01 rapide\u00a0 et 01 auxiliaire) Four ventil\u00e9<\/p>","protected":false},"featured_media":0,"comment_status":"open","ping_status":"closed","template":"","meta":{"_acf_changed":false},"product_brand":[220],"product_cat":[132],"product_tag":[],"class_list":{"0":"post-30723","1":"product","2":"type-product","3":"status-publish","5":"product_brand-eniem","6":"product_cat-cuisineres","8":"first","9":"instock","10":"shipping-taxable","11":"purchasable","12":"product-type-simple"},"acf":[],"_links":{"self":[{"href":"https:\/\/emif.dz\/ar\/wp-json\/wp\/v2\/product\/30723","targetHints":{"allow":["GET"]}}],"collection":[{"href":"https:\/\/emif.dz\/ar\/wp-json\/wp\/v2\/product"}],"about":[{"href":"https:\/\/emif.dz\/ar\/wp-json\/wp\/v2\/types\/product"}],"replies":[{"embeddable":true,"href":"https:\/\/emif.dz\/ar\/wp-json\/wp\/v2\/comments?post=30723"}],"version-history":[{"count":1,"href":"https:\/\/emif.dz\/ar\/wp-json\/wp\/v2\/product\/30723\/revisions"}],"predecessor-version":[{"id":30763,"href":"https:\/\/emif.dz\/ar\/wp-json\/wp\/v2\/product\/30723\/revisions\/30763"}],"wp:attachment":[{"href":"https:\/\/emif.dz\/ar\/wp-json\/wp\/v2\/media?parent=30723"}],"wp:term":[{"taxonomy":"product_brand","embeddable":true,"href":"https:\/\/emif.dz\/ar\/wp-json\/wp\/v2\/product_brand?post=30723"},{"taxonomy":"product_cat","embeddable":true,"href":"https:\/\/emif.dz\/ar\/wp-json\/wp\/v2\/product_cat?post=30723"},{"taxonomy":"product_tag","embeddable":true,"href":"https:\/\/emif.dz\/ar\/wp-json\/wp\/v2\/product_tag?post=30723"}],"curies":[{"name":"wp","href":"https:\/\/api.w.org\/{rel}","templated":true}]}}