{"id":29651,"date":"2025-04-07T13:27:51","date_gmt":"2025-04-07T12:27:51","guid":{"rendered":"https:\/\/emif.dz\/?post_type=product&#038;p=29651"},"modified":"2025-04-08T11:34:27","modified_gmt":"2025-04-08T10:34:27","slug":"table-a-manger-marbre-6-places","status":"publish","type":"product","link":"https:\/\/emif.dz\/fr\/produit\/table-a-manger-marbre-6-places\/","title":{"rendered":"Table \u00e0 manger Marbre 6 places"},"content":{"rendered":"<p>Table \u00e0 manger Marbre 6 places import\u00e9 de malaisie<\/p>","protected":false},"excerpt":{"rendered":"<p>Table \u00e0 manger Marbre 6 places import\u00e9 de malaisie<\/p>","protected":false},"featured_media":29652,"comment_status":"open","ping_status":"closed","template":"","meta":{"_acf_changed":false},"product_brand":[],"product_cat":[154],"product_tag":[],"class_list":{"0":"post-29651","1":"product","2":"type-product","3":"status-publish","4":"has-post-thumbnail","6":"product_cat-table-a-manger","8":"first","9":"instock","10":"shipping-taxable","11":"purchasable","12":"product-type-simple"},"acf":[],"_links":{"self":[{"href":"https:\/\/emif.dz\/fr\/wp-json\/wp\/v2\/product\/29651","targetHints":{"allow":["GET"]}}],"collection":[{"href":"https:\/\/emif.dz\/fr\/wp-json\/wp\/v2\/product"}],"about":[{"href":"https:\/\/emif.dz\/fr\/wp-json\/wp\/v2\/types\/product"}],"replies":[{"embeddable":true,"href":"https:\/\/emif.dz\/fr\/wp-json\/wp\/v2\/comments?post=29651"}],"version-history":[{"count":2,"href":"https:\/\/emif.dz\/fr\/wp-json\/wp\/v2\/product\/29651\/revisions"}],"predecessor-version":[{"id":29693,"href":"https:\/\/emif.dz\/fr\/wp-json\/wp\/v2\/product\/29651\/revisions\/29693"}],"wp:featuredmedia":[{"embeddable":true,"href":"https:\/\/emif.dz\/fr\/wp-json\/wp\/v2\/media\/29652"}],"wp:attachment":[{"href":"https:\/\/emif.dz\/fr\/wp-json\/wp\/v2\/media?parent=29651"}],"wp:term":[{"taxonomy":"product_brand","embeddable":true,"href":"https:\/\/emif.dz\/fr\/wp-json\/wp\/v2\/product_brand?post=29651"},{"taxonomy":"product_cat","embeddable":true,"href":"https:\/\/emif.dz\/fr\/wp-json\/wp\/v2\/product_cat?post=29651"},{"taxonomy":"product_tag","embeddable":true,"href":"https:\/\/emif.dz\/fr\/wp-json\/wp\/v2\/product_tag?post=29651"}],"curies":[{"name":"wp","href":"https:\/\/api.w.org\/{rel}","templated":true}]}}