{"id":30293,"date":"2026-02-19T12:46:41","date_gmt":"2026-02-19T11:46:41","guid":{"rendered":"https:\/\/emif.dz\/?post_type=product&#038;p=30293"},"modified":"2026-03-24T09:57:35","modified_gmt":"2026-03-24T08:57:35","slug":"tv-dled-ug730-50%e2%80%b3-4k-google-tv","status":"publish","type":"product","link":"https:\/\/emif.dz\/fr\/produit\/tv-dled-ug730-50%e2%80%b3-4k-google-tv\/","title":{"rendered":"58&#8243; 4K GOOGLE TV \/ SERIE G7 CONDOR"},"content":{"rendered":"<p>La\u00a0<strong>TV CONDOR S\u00e9rie G7 (730)<\/strong>, avec son \u00e9cran de 50 pouces (127 cm), est un mod\u00e8le con\u00e7u pour offrir une qualit\u00e9 d\u2019image exceptionnelle gr\u00e2ce \u00e0 la r\u00e9solution\u00a0<strong>4K UHD<\/strong>\u00a0qui affiche des images nettes et d\u00e9taill\u00e9es, avec une pr\u00e9cision de couleurs remarquable. La technologie\u00a0<strong>DLED<\/strong>\u00a0garantit une luminosit\u00e9 homog\u00e8ne, des noirs profonds et un contraste dynamique am\u00e9lior\u00e9.<\/p>","protected":false},"excerpt":{"rendered":"<p>La\u00a0TV CONDOR S\u00e9rie G7 (730), avec son \u00e9cran de 50 pouces (127 cm), est un mod\u00e8le con\u00e7u pour offrir une<\/p>","protected":false},"featured_media":0,"comment_status":"open","ping_status":"closed","template":"","meta":{"_acf_changed":false},"product_brand":[232],"product_cat":[126],"product_tag":[],"class_list":{"0":"post-30293","1":"product","2":"type-product","3":"status-publish","5":"product_brand-condor","6":"product_cat-televisions","8":"first","9":"instock","10":"shipping-taxable","11":"purchasable","12":"product-type-simple"},"acf":[],"_links":{"self":[{"href":"https:\/\/emif.dz\/fr\/wp-json\/wp\/v2\/product\/30293","targetHints":{"allow":["GET"]}}],"collection":[{"href":"https:\/\/emif.dz\/fr\/wp-json\/wp\/v2\/product"}],"about":[{"href":"https:\/\/emif.dz\/fr\/wp-json\/wp\/v2\/types\/product"}],"replies":[{"embeddable":true,"href":"https:\/\/emif.dz\/fr\/wp-json\/wp\/v2\/comments?post=30293"}],"version-history":[{"count":0,"href":"https:\/\/emif.dz\/fr\/wp-json\/wp\/v2\/product\/30293\/revisions"}],"wp:attachment":[{"href":"https:\/\/emif.dz\/fr\/wp-json\/wp\/v2\/media?parent=30293"}],"wp:term":[{"taxonomy":"product_brand","embeddable":true,"href":"https:\/\/emif.dz\/fr\/wp-json\/wp\/v2\/product_brand?post=30293"},{"taxonomy":"product_cat","embeddable":true,"href":"https:\/\/emif.dz\/fr\/wp-json\/wp\/v2\/product_cat?post=30293"},{"taxonomy":"product_tag","embeddable":true,"href":"https:\/\/emif.dz\/fr\/wp-json\/wp\/v2\/product_tag?post=30293"}],"curies":[{"name":"wp","href":"https:\/\/api.w.org\/{rel}","templated":true}]}}