{"id":30305,"date":"2026-02-19T16:56:00","date_gmt":"2026-02-19T15:56:00","guid":{"rendered":"https:\/\/emif.dz\/?post_type=product&#038;p=30305"},"modified":"2026-02-19T16:56:00","modified_gmt":"2026-02-19T15:56:00","slug":"tv-qd-mini-led-ux900-75%e2%80%b3-144hz-vrr-4k-google-tv","status":"publish","type":"product","link":"https:\/\/emif.dz\/fr\/produit\/tv-qd-mini-led-ux900-75%e2%80%b3-144hz-vrr-4k-google-tv\/","title":{"rendered":"TV QD-Mini LED UX900 75\u2033 144Hz VRR \u2013 4K Google TV"},"content":{"rendered":"<p>La\u00a0<strong>TV CONDOR S\u00e9rie X9(X900)<\/strong>, avec son \u00e9cran de 7<strong>5 pouces<\/strong>\u00a0et sa r\u00e9solution\u00a0<strong>4K UHD (3840 x 2160 pixels)<\/strong>, offre des images nettes et d\u00e9taill\u00e9es gr\u00e2ce \u00e0 la technologie\u00a0<strong>QD Mini LED<\/strong>. Son\u00a0<strong>taux de rafra\u00eechissement de 144 Hz VRR<\/strong>\u00a0garantit des mouvements fluides, id\u00e9aux pour les sc\u00e8nes rapides et les jeux vid\u00e9o.<\/p>","protected":false},"excerpt":{"rendered":"<p>La\u00a0TV CONDOR S\u00e9rie X9(X900), avec son \u00e9cran de 75 pouces\u00a0et sa r\u00e9solution\u00a04K UHD (3840 x 2160 pixels), offre des images<\/p>","protected":false},"featured_media":0,"comment_status":"open","ping_status":"closed","template":"","meta":{"_acf_changed":false},"product_brand":[],"product_cat":[126],"product_tag":[],"class_list":{"0":"post-30305","1":"product","2":"type-product","3":"status-publish","5":"product_cat-televisions","7":"first","8":"instock","9":"shipping-taxable","10":"product-type-simple"},"acf":[],"_links":{"self":[{"href":"https:\/\/emif.dz\/fr\/wp-json\/wp\/v2\/product\/30305","targetHints":{"allow":["GET"]}}],"collection":[{"href":"https:\/\/emif.dz\/fr\/wp-json\/wp\/v2\/product"}],"about":[{"href":"https:\/\/emif.dz\/fr\/wp-json\/wp\/v2\/types\/product"}],"replies":[{"embeddable":true,"href":"https:\/\/emif.dz\/fr\/wp-json\/wp\/v2\/comments?post=30305"}],"version-history":[{"count":0,"href":"https:\/\/emif.dz\/fr\/wp-json\/wp\/v2\/product\/30305\/revisions"}],"wp:attachment":[{"href":"https:\/\/emif.dz\/fr\/wp-json\/wp\/v2\/media?parent=30305"}],"wp:term":[{"taxonomy":"product_brand","embeddable":true,"href":"https:\/\/emif.dz\/fr\/wp-json\/wp\/v2\/product_brand?post=30305"},{"taxonomy":"product_cat","embeddable":true,"href":"https:\/\/emif.dz\/fr\/wp-json\/wp\/v2\/product_cat?post=30305"},{"taxonomy":"product_tag","embeddable":true,"href":"https:\/\/emif.dz\/fr\/wp-json\/wp\/v2\/product_tag?post=30305"}],"curies":[{"name":"wp","href":"https:\/\/api.w.org\/{rel}","templated":true}]}}