{"id":30308,"date":"2026-02-19T17:12:41","date_gmt":"2026-02-19T16:12:41","guid":{"rendered":"https:\/\/emif.dz\/?post_type=product&#038;p=30308"},"modified":"2026-02-19T17:12:41","modified_gmt":"2026-02-19T16:12:41","slug":"machine-a-laver-automatique-105kg","status":"publish","type":"product","link":"https:\/\/emif.dz\/fr\/produit\/machine-a-laver-automatique-105kg\/","title":{"rendered":"Machine \u00e0 laver Automatique 10,5Kg"},"content":{"rendered":"<div class=\"fich-display\">\n<h1>Fiche Technique<\/h1>\n<\/div>\n<div class=\"fiche-techdes\">\n<p>Capacit\u00e9 de lavage nominale : 10,5 Kg<br \/>\nCapacit\u00e9 d&#8217;essorage nominal : 10,5 Kg<br \/>\nCapacit\u00e9 de s\u00e9chage : 7Kg<br \/>\nVitesse d&#8217;essorage maximale : 1200RPM<\/p>\n<\/div>","protected":false},"excerpt":{"rendered":"<p>Fiche Technique Capacit\u00e9 de lavage nominale : 10,5 Kg Capacit\u00e9 d&#8217;essorage nominal : 10,5 Kg Capacit\u00e9 de s\u00e9chage : 7Kg<\/p>","protected":false},"featured_media":0,"comment_status":"open","ping_status":"closed","template":"","meta":{"_acf_changed":false},"product_brand":[233],"product_cat":[128],"product_tag":[],"class_list":{"0":"post-30308","1":"product","2":"type-product","3":"status-publish","5":"product_brand-geant","6":"product_cat-lave-linge","8":"first","9":"instock","10":"shipping-taxable","11":"product-type-simple"},"acf":[],"_links":{"self":[{"href":"https:\/\/emif.dz\/fr\/wp-json\/wp\/v2\/product\/30308","targetHints":{"allow":["GET"]}}],"collection":[{"href":"https:\/\/emif.dz\/fr\/wp-json\/wp\/v2\/product"}],"about":[{"href":"https:\/\/emif.dz\/fr\/wp-json\/wp\/v2\/types\/product"}],"replies":[{"embeddable":true,"href":"https:\/\/emif.dz\/fr\/wp-json\/wp\/v2\/comments?post=30308"}],"version-history":[{"count":0,"href":"https:\/\/emif.dz\/fr\/wp-json\/wp\/v2\/product\/30308\/revisions"}],"wp:attachment":[{"href":"https:\/\/emif.dz\/fr\/wp-json\/wp\/v2\/media?parent=30308"}],"wp:term":[{"taxonomy":"product_brand","embeddable":true,"href":"https:\/\/emif.dz\/fr\/wp-json\/wp\/v2\/product_brand?post=30308"},{"taxonomy":"product_cat","embeddable":true,"href":"https:\/\/emif.dz\/fr\/wp-json\/wp\/v2\/product_cat?post=30308"},{"taxonomy":"product_tag","embeddable":true,"href":"https:\/\/emif.dz\/fr\/wp-json\/wp\/v2\/product_tag?post=30308"}],"curies":[{"name":"wp","href":"https:\/\/api.w.org\/{rel}","templated":true}]}}