{"id":30320,"date":"2026-02-19T17:22:54","date_gmt":"2026-02-19T16:22:54","guid":{"rendered":"https:\/\/emif.dz\/?post_type=product&#038;p=30320"},"modified":"2026-02-19T17:22:55","modified_gmt":"2026-02-19T16:22:55","slug":"machine-a-laver-105kg","status":"publish","type":"product","link":"https:\/\/emif.dz\/fr\/produit\/machine-a-laver-105kg\/","title":{"rendered":"Machine \u00e0 laver 10,5Kg"},"content":{"rendered":"<div class=\"content-details\">\n<div class=\"prod-name\">\n<div class=\"fiche-tech\">\n<div class=\"fich-display\">\n<h1>Fiche Technique<\/h1>\n<\/div>\n<div class=\"fiche-techdes\">\n<p>Alimentation \u00e9lectrique nominale : 220-240 V<br \/>\nFr\u00e9quence nominale : 50 Hz<br \/>\nCapacit\u00e9 de lavage nominale : 10,5Kg<br \/>\nCapacit\u00e9 d&#8217;essorage nominale : 10,5Kg<br \/>\nPuissance nominale : 2000W<br \/>\nCourant nominal : 10A<br \/>\nConsommation d&#8217;energie en mode fonctionnement : 1600 RPM<br \/>\nConsommation d&#8217;energie en mode hors tension : 0.05-1Mpa<br \/>\nVerrouillage de la porte : Electromagn\u00e9tique<br \/>\nType d&#8217;affichage : LED<br \/>\nCouleur d&#8217;affichage : Orange<br \/>\nVolume du tambour int\u00e9rieur : 70,0 L<br \/>\nDiametre de la cuve : 510 mm<br \/>\nDiametre de la porte : 330 mm<br \/>\nDiametre du cadre ext\u00e9rieur de la porte (externe) : 480mm<br \/>\nDimensions net (W x D x H ) : 595x565x850<br \/>\nDimensions brut (W x D x H ) : 680x695x875<br \/>\nPoids net : 71Kg<br \/>\nPoids brut : 76Kg<\/p>\n<\/div>\n<\/div>\n<\/div>\n<\/div>\n<div class=\"produits-similaires\"><\/div>","protected":false},"excerpt":{"rendered":"<p>Fiche Technique Alimentation \u00e9lectrique nominale : 220-240 V Fr\u00e9quence nominale : 50 Hz Capacit\u00e9 de lavage nominale : 10,5Kg Capacit\u00e9<\/p>","protected":false},"featured_media":0,"comment_status":"open","ping_status":"closed","template":"","meta":{"_acf_changed":false},"product_brand":[233],"product_cat":[128],"product_tag":[],"class_list":{"0":"post-30320","1":"product","2":"type-product","3":"status-publish","5":"product_brand-geant","6":"product_cat-lave-linge","8":"first","9":"instock","10":"shipping-taxable","11":"product-type-simple"},"acf":[],"_links":{"self":[{"href":"https:\/\/emif.dz\/fr\/wp-json\/wp\/v2\/product\/30320","targetHints":{"allow":["GET"]}}],"collection":[{"href":"https:\/\/emif.dz\/fr\/wp-json\/wp\/v2\/product"}],"about":[{"href":"https:\/\/emif.dz\/fr\/wp-json\/wp\/v2\/types\/product"}],"replies":[{"embeddable":true,"href":"https:\/\/emif.dz\/fr\/wp-json\/wp\/v2\/comments?post=30320"}],"version-history":[{"count":0,"href":"https:\/\/emif.dz\/fr\/wp-json\/wp\/v2\/product\/30320\/revisions"}],"wp:attachment":[{"href":"https:\/\/emif.dz\/fr\/wp-json\/wp\/v2\/media?parent=30320"}],"wp:term":[{"taxonomy":"product_brand","embeddable":true,"href":"https:\/\/emif.dz\/fr\/wp-json\/wp\/v2\/product_brand?post=30320"},{"taxonomy":"product_cat","embeddable":true,"href":"https:\/\/emif.dz\/fr\/wp-json\/wp\/v2\/product_cat?post=30320"},{"taxonomy":"product_tag","embeddable":true,"href":"https:\/\/emif.dz\/fr\/wp-json\/wp\/v2\/product_tag?post=30320"}],"curies":[{"name":"wp","href":"https:\/\/api.w.org\/{rel}","templated":true}]}}