{"id":30371,"date":"2026-02-20T14:37:12","date_gmt":"2026-02-20T13:37:12","guid":{"rendered":"https:\/\/emif.dz\/?post_type=product&#038;p=30371"},"modified":"2026-03-18T12:37:56","modified_gmt":"2026-03-18T11:37:56","slug":"climatiseur-sp-9000","status":"publish","type":"product","link":"https:\/\/emif.dz\/fr\/produit\/climatiseur-sp-9000\/","title":{"rendered":"CLIMATISEUR SP 9000"},"content":{"rendered":"<table class=\"zebra\" border=\"1\" width=\"100%\" cellpadding=\"10\" align=\"center\">\n<tbody>\n<tr bgcolor=\"#004998\">\n<td colspan=\"2\"><strong>Caract\u00e9ristiques<\/strong><\/td>\n<\/tr>\n<tr>\n<td bgcolor=\"#549ac6\">Classe<\/td>\n<td>Climatiseur<\/td>\n<\/tr>\n<tr>\n<td bgcolor=\"#549ac6\">Mod\u00e8le<\/td>\n<td>SP 12000 BTU TROPICALIS\u00c9<\/td>\n<\/tr>\n<tr>\n<td bgcolor=\"#549ac6\">Capacit\u00e9 de refroidissement<\/td>\n<td>12000 BTU\/H<\/td>\n<\/tr>\n<tr>\n<td bgcolor=\"#549ac6\">Capacit\u00e9 de chauffage<\/td>\n<td>12500 BTU\/H<\/td>\n<\/tr>\n<tr>\n<td bgcolor=\"#549ac6\">Tension<\/td>\n<td>220 &#8211; 240 V<\/td>\n<\/tr>\n<tr>\n<td bgcolor=\"#549ac6\">Puissance de refroidissement<\/td>\n<td>1250 W<\/td>\n<\/tr>\n<tr>\n<td bgcolor=\"#549ac6\">Puissance de chauffage<\/td>\n<td>1150 W<\/td>\n<\/tr>\n<tr>\n<td bgcolor=\"#549ac6\">Puissance maximale<\/td>\n<td>1800 W<\/td>\n<\/tr>\n<tr>\n<td bgcolor=\"#549ac6\">Bruit \u00e0 l&#8217;int\u00e9rieur<\/td>\n<td>29-40 DBA<\/td>\n<\/tr>\n<tr>\n<td bgcolor=\"#549ac6\">Bruit \u00e0 l&#8217;ext\u00e9rieur<\/td>\n<td>54 DBA<\/td>\n<\/tr>\n<tr>\n<td bgcolor=\"#549ac6\">Dimension unit\u00e9 int\u00e9rieure<\/td>\n<td>L 865 mm \/ H 358 mm \/ P 275 mm<\/td>\n<\/tr>\n<tr>\n<td bgcolor=\"#549ac6\">Dimension unit\u00e9 ext\u00e9rieure<\/td>\n<td>L 920 mm \/ H 335 mm \/ P 595 mm<\/td>\n<\/tr>\n<tr>\n<td bgcolor=\"#549ac6\">Poids net unit\u00e9 int\u00e9rieure<\/td>\n<td>10-12kg<\/td>\n<\/tr>\n<tr>\n<td bgcolor=\"#549ac6\">Poids net unit\u00e9 ext\u00e9rieure<\/td>\n<td>36-40 kg<\/td>\n<\/tr>\n<tr>\n<td bgcolor=\"#549ac6\">Charge r\u00e9frig\u00e9rant R22<\/td>\n<td>1 kg<\/td>\n<\/tr>\n<tr>\n<td bgcolor=\"#549ac6\">Couleur<\/td>\n<td>Blanc\/Bois<\/td>\n<\/tr>\n<\/tbody>\n<\/table>","protected":false},"excerpt":{"rendered":"<p>Caract\u00e9ristiques Classe Climatiseur Mod\u00e8le SP 12000 BTU TROPICALIS\u00c9 Capacit\u00e9 de refroidissement 12000 BTU\/H Capacit\u00e9 de chauffage 12500 BTU\/H Tension 220<\/p>","protected":false},"featured_media":0,"comment_status":"open","ping_status":"closed","template":"","meta":{"_acf_changed":false},"product_brand":[211],"product_cat":[129],"product_tag":[],"class_list":{"0":"post-30371","1":"product","2":"type-product","3":"status-publish","5":"product_brand-sonaric","6":"product_cat-climatiseurs","8":"first","9":"instock","10":"shipping-taxable","11":"purchasable","12":"product-type-simple"},"acf":[],"_links":{"self":[{"href":"https:\/\/emif.dz\/fr\/wp-json\/wp\/v2\/product\/30371","targetHints":{"allow":["GET"]}}],"collection":[{"href":"https:\/\/emif.dz\/fr\/wp-json\/wp\/v2\/product"}],"about":[{"href":"https:\/\/emif.dz\/fr\/wp-json\/wp\/v2\/types\/product"}],"replies":[{"embeddable":true,"href":"https:\/\/emif.dz\/fr\/wp-json\/wp\/v2\/comments?post=30371"}],"version-history":[{"count":0,"href":"https:\/\/emif.dz\/fr\/wp-json\/wp\/v2\/product\/30371\/revisions"}],"wp:attachment":[{"href":"https:\/\/emif.dz\/fr\/wp-json\/wp\/v2\/media?parent=30371"}],"wp:term":[{"taxonomy":"product_brand","embeddable":true,"href":"https:\/\/emif.dz\/fr\/wp-json\/wp\/v2\/product_brand?post=30371"},{"taxonomy":"product_cat","embeddable":true,"href":"https:\/\/emif.dz\/fr\/wp-json\/wp\/v2\/product_cat?post=30371"},{"taxonomy":"product_tag","embeddable":true,"href":"https:\/\/emif.dz\/fr\/wp-json\/wp\/v2\/product_tag?post=30371"}],"curies":[{"name":"wp","href":"https:\/\/api.w.org\/{rel}","templated":true}]}}