{"id":30404,"date":"2026-02-20T15:07:18","date_gmt":"2026-02-20T14:07:18","guid":{"rendered":"https:\/\/emif.dz\/?post_type=product&#038;p=30404"},"modified":"2026-03-16T14:02:25","modified_gmt":"2026-03-16T13:02:25","slug":"radiateur-a-gaz-faveo-10-kw-detecteur-co","status":"publish","type":"product","link":"https:\/\/emif.dz\/fr\/produit\/radiateur-a-gaz-faveo-10-kw-detecteur-co\/","title":{"rendered":"Radiateur \u00e0 Gaz FAVEO 10 KW D\u00e9tecteur CO"},"content":{"rendered":"<p>Profitez d\u2019une chaleur puissante et ma\u00eetris\u00e9e avec le radiateur \u00e0 gaz FAVEO de Condor, offrant une capacit\u00e9 de 10 kW. \u00c9quip\u00e9 d\u2019une vanne de r\u00e9gulation italienne SIT certifi\u00e9e CE et EAC, et d\u2019un syst\u00e8me de s\u00e9curit\u00e9 O.D.S. \u00e9galement certifi\u00e9 CE, ce radiateur garantit une performance fiable et une s\u00e9curit\u00e9 optimale pour chauffer votre espace en toute tranquillit\u00e9.<\/p>","protected":false},"excerpt":{"rendered":"<p>Profitez d\u2019une chaleur puissante et ma\u00eetris\u00e9e avec le radiateur \u00e0 gaz FAVEO de Condor, offrant une capacit\u00e9 de 10 kW.<\/p>","protected":false},"featured_media":0,"comment_status":"open","ping_status":"closed","template":"","meta":{"_acf_changed":false},"product_brand":[232],"product_cat":[140],"product_tag":[],"class_list":{"0":"post-30404","1":"product","2":"type-product","3":"status-publish","5":"product_brand-condor","6":"product_cat-chauffages","8":"first","9":"instock","10":"shipping-taxable","11":"purchasable","12":"product-type-simple"},"acf":[],"_links":{"self":[{"href":"https:\/\/emif.dz\/fr\/wp-json\/wp\/v2\/product\/30404","targetHints":{"allow":["GET"]}}],"collection":[{"href":"https:\/\/emif.dz\/fr\/wp-json\/wp\/v2\/product"}],"about":[{"href":"https:\/\/emif.dz\/fr\/wp-json\/wp\/v2\/types\/product"}],"replies":[{"embeddable":true,"href":"https:\/\/emif.dz\/fr\/wp-json\/wp\/v2\/comments?post=30404"}],"version-history":[{"count":0,"href":"https:\/\/emif.dz\/fr\/wp-json\/wp\/v2\/product\/30404\/revisions"}],"wp:attachment":[{"href":"https:\/\/emif.dz\/fr\/wp-json\/wp\/v2\/media?parent=30404"}],"wp:term":[{"taxonomy":"product_brand","embeddable":true,"href":"https:\/\/emif.dz\/fr\/wp-json\/wp\/v2\/product_brand?post=30404"},{"taxonomy":"product_cat","embeddable":true,"href":"https:\/\/emif.dz\/fr\/wp-json\/wp\/v2\/product_cat?post=30404"},{"taxonomy":"product_tag","embeddable":true,"href":"https:\/\/emif.dz\/fr\/wp-json\/wp\/v2\/product_tag?post=30404"}],"curies":[{"name":"wp","href":"https:\/\/api.w.org\/{rel}","templated":true}]}}