{"id":30407,"date":"2026-02-20T15:08:34","date_gmt":"2026-02-20T14:08:34","guid":{"rendered":"https:\/\/emif.dz\/?post_type=product&#038;p=30407"},"modified":"2026-03-18T11:54:32","modified_gmt":"2026-03-18T10:54:32","slug":"rac-xh-t3-18-inv","status":"publish","type":"product","link":"https:\/\/emif.dz\/fr\/produit\/rac-xh-t3-18-inv\/","title":{"rendered":"CLIM 18000 TROPICAL INVERTER BLACK"},"content":{"rendered":"<p>Type : Inverter mural \u2013 Style japonais,<br \/>\npanneau miroir noir<br \/>\n<img decoding=\"async\" class=\"emoji\" role=\"img\" src=\"https:\/\/s.w.org\/images\/core\/emoji\/17.0.2\/svg\/25aa.svg\" alt=\"\u25aa\" \/>\u00a0Compresseur : Inverter haute efficacit\u00e9<br \/>\n( jusqu\u2019\u00e0 120 Hz)<br \/>\n<img decoding=\"async\" class=\"emoji\" role=\"img\" src=\"https:\/\/s.w.org\/images\/core\/emoji\/17.0.2\/svg\/25aa.svg\" alt=\"\u25aa\" \/>\u00a0St\u00e9rilisation: Haute temp\u00e9rature 57 \u00b0C<br \/>\n99,9 %<br \/>\n<img decoding=\"async\" class=\"emoji\" role=\"img\" src=\"https:\/\/s.w.org\/images\/core\/emoji\/17.0.2\/svg\/25aa.svg\" alt=\"\u25aa\" \/>\u00a0Rin\u00e7age automatique : 5eme<br \/>\ng\u00e9n\u00e9ration, int\u00e9rieur + ext\u00e9rieur Contr\u00f4le<br \/>\npr\u00e9cis : \u00b1 0,1 \u00b0C \u2013 \u00e9conomie d\u2019\u00e9nergie<br \/>\n+25 %<br \/>\n<img decoding=\"async\" class=\"emoji\" role=\"img\" src=\"https:\/\/s.w.org\/images\/core\/emoji\/17.0.2\/svg\/25aa.svg\" alt=\"\u25aa\" \/>\u00a0Niveau sonore : Ultra silencieux (-3 dB)<br \/>\n<img decoding=\"async\" class=\"emoji\" role=\"img\" src=\"https:\/\/s.w.org\/images\/core\/emoji\/17.0.2\/svg\/25aa.svg\" alt=\"\u25aa\" \/>\u00a0Port\u00e9e d\u2019air : Jusqu\u2019\u00e0 11 m<br \/>\n<img decoding=\"async\" class=\"emoji\" role=\"img\" src=\"https:\/\/s.w.org\/images\/core\/emoji\/17.0.2\/svg\/25aa.svg\" alt=\"\u25aa\" \/>\u00a0Contr\u00f4le vocal : Oui<br \/>\n<img decoding=\"async\" class=\"emoji\" role=\"img\" src=\"https:\/\/s.w.org\/images\/core\/emoji\/17.0.2\/svg\/25aa.svg\" alt=\"\u25aa\" \/>\u00a0Protection : Anti-corrosion, fuite et<br \/>\ncollecte automatique du fr\u00e9on<br \/>\n<img decoding=\"async\" class=\"emoji\" role=\"img\" src=\"https:\/\/s.w.org\/images\/core\/emoji\/17.0.2\/svg\/25aa.svg\" alt=\"\u25aa\" \/>\u00a0\u00c9paisseur : 145 mm<\/p>","protected":false},"excerpt":{"rendered":"<p>Type : Inverter mural \u2013 Style japonais, panneau miroir noir \u00a0Compresseur : Inverter haute efficacit\u00e9 ( jusqu\u2019\u00e0 120 Hz) \u00a0St\u00e9rilisation:<\/p>","protected":false},"featured_media":0,"comment_status":"open","ping_status":"closed","template":"","meta":{"_acf_changed":false},"product_brand":[228],"product_cat":[129],"product_tag":[],"class_list":{"0":"post-30407","1":"product","2":"type-product","3":"status-publish","5":"product_brand-raylan","6":"product_cat-climatiseurs","8":"first","9":"instock","10":"shipping-taxable","11":"purchasable","12":"product-type-simple"},"acf":[],"_links":{"self":[{"href":"https:\/\/emif.dz\/fr\/wp-json\/wp\/v2\/product\/30407","targetHints":{"allow":["GET"]}}],"collection":[{"href":"https:\/\/emif.dz\/fr\/wp-json\/wp\/v2\/product"}],"about":[{"href":"https:\/\/emif.dz\/fr\/wp-json\/wp\/v2\/types\/product"}],"replies":[{"embeddable":true,"href":"https:\/\/emif.dz\/fr\/wp-json\/wp\/v2\/comments?post=30407"}],"version-history":[{"count":0,"href":"https:\/\/emif.dz\/fr\/wp-json\/wp\/v2\/product\/30407\/revisions"}],"wp:attachment":[{"href":"https:\/\/emif.dz\/fr\/wp-json\/wp\/v2\/media?parent=30407"}],"wp:term":[{"taxonomy":"product_brand","embeddable":true,"href":"https:\/\/emif.dz\/fr\/wp-json\/wp\/v2\/product_brand?post=30407"},{"taxonomy":"product_cat","embeddable":true,"href":"https:\/\/emif.dz\/fr\/wp-json\/wp\/v2\/product_cat?post=30407"},{"taxonomy":"product_tag","embeddable":true,"href":"https:\/\/emif.dz\/fr\/wp-json\/wp\/v2\/product_tag?post=30407"}],"curies":[{"name":"wp","href":"https:\/\/api.w.org\/{rel}","templated":true}]}}