{"id":30421,"date":"2026-02-20T15:21:15","date_gmt":"2026-02-20T14:21:15","guid":{"rendered":"https:\/\/emif.dz\/?post_type=product&#038;p=30421"},"modified":"2026-03-16T13:59:04","modified_gmt":"2026-03-16T12:59:04","slug":"four-encastrable-gaz-gaz-acerra","status":"publish","type":"product","link":"https:\/\/emif.dz\/fr\/produit\/four-encastrable-gaz-gaz-acerra\/","title":{"rendered":"Four Encastrable Gaz-Gaz Acerra"},"content":{"rendered":"<p>Pour une exp\u00e9rience culinaire simple et fiable dans votre cuisine; optez pour le four encastrable Acerra. Notre four offre toutes les fonctionnalit\u00e9s essentielles n\u00e9cessaires pour pr\u00e9parer une grande vari\u00e9t\u00e9 de plat.<\/p>","protected":false},"excerpt":{"rendered":"<p>Pour une exp\u00e9rience culinaire simple et fiable dans votre cuisine; optez pour le four encastrable Acerra. Notre four offre toutes<\/p>","protected":false},"featured_media":0,"comment_status":"open","ping_status":"closed","template":"","meta":{"_acf_changed":false},"product_brand":[232],"product_cat":[134],"product_tag":[],"class_list":{"0":"post-30421","1":"product","2":"type-product","3":"status-publish","5":"product_brand-condor","6":"product_cat-fours","8":"first","9":"instock","10":"shipping-taxable","11":"purchasable","12":"product-type-simple"},"acf":[],"_links":{"self":[{"href":"https:\/\/emif.dz\/fr\/wp-json\/wp\/v2\/product\/30421","targetHints":{"allow":["GET"]}}],"collection":[{"href":"https:\/\/emif.dz\/fr\/wp-json\/wp\/v2\/product"}],"about":[{"href":"https:\/\/emif.dz\/fr\/wp-json\/wp\/v2\/types\/product"}],"replies":[{"embeddable":true,"href":"https:\/\/emif.dz\/fr\/wp-json\/wp\/v2\/comments?post=30421"}],"version-history":[{"count":0,"href":"https:\/\/emif.dz\/fr\/wp-json\/wp\/v2\/product\/30421\/revisions"}],"wp:attachment":[{"href":"https:\/\/emif.dz\/fr\/wp-json\/wp\/v2\/media?parent=30421"}],"wp:term":[{"taxonomy":"product_brand","embeddable":true,"href":"https:\/\/emif.dz\/fr\/wp-json\/wp\/v2\/product_brand?post=30421"},{"taxonomy":"product_cat","embeddable":true,"href":"https:\/\/emif.dz\/fr\/wp-json\/wp\/v2\/product_cat?post=30421"},{"taxonomy":"product_tag","embeddable":true,"href":"https:\/\/emif.dz\/fr\/wp-json\/wp\/v2\/product_tag?post=30421"}],"curies":[{"name":"wp","href":"https:\/\/api.w.org\/{rel}","templated":true}]}}