{"id":30430,"date":"2026-02-20T15:26:58","date_gmt":"2026-02-20T14:26:58","guid":{"rendered":"https:\/\/emif.dz\/?post_type=product&#038;p=30430"},"modified":"2026-03-16T13:52:35","modified_gmt":"2026-03-16T12:52:35","slug":"lave-vaisselle-luxa-16-couverts","status":"publish","type":"product","link":"https:\/\/emif.dz\/fr\/produit\/lave-vaisselle-luxa-16-couverts\/","title":{"rendered":"Lave-Vaisselle LUXA 16 Couverts"},"content":{"rendered":"<p>Explorez le lave-vaisselle\u00a0<strong>CONDOR LUXA<\/strong>\u00a016 Couverts qui red\u00e9finit votre exp\u00e9rience de nettoyage de la vaisselle. Avec sa capacit\u00e9 optimale et son efficacit\u00e9, il simplifie les t\u00e2ches m\u00e9nag\u00e8res. Profitez d\u2019une efficacit\u00e9 \u00e9nerg\u00e9tique de classe A+++, ainsi que de 9 programmes disponibles, comprenant des options telles que l\u2019ouverture automatique et le s\u00e9chage optimis\u00e9 Dry++, le tout dans un \u00e9l\u00e9gant design en inox.<\/p>","protected":false},"excerpt":{"rendered":"<p>Explorez le lave-vaisselle\u00a0CONDOR LUXA\u00a016 Couverts qui red\u00e9finit votre exp\u00e9rience de nettoyage de la vaisselle. Avec sa capacit\u00e9 optimale et son<\/p>","protected":false},"featured_media":0,"comment_status":"open","ping_status":"closed","template":"","meta":{"_acf_changed":false},"product_brand":[232],"product_cat":[136],"product_tag":[],"class_list":{"0":"post-30430","1":"product","2":"type-product","3":"status-publish","5":"product_brand-condor","6":"product_cat-lave-vaisselle","8":"first","9":"instock","10":"shipping-taxable","11":"purchasable","12":"product-type-simple"},"acf":[],"_links":{"self":[{"href":"https:\/\/emif.dz\/fr\/wp-json\/wp\/v2\/product\/30430","targetHints":{"allow":["GET"]}}],"collection":[{"href":"https:\/\/emif.dz\/fr\/wp-json\/wp\/v2\/product"}],"about":[{"href":"https:\/\/emif.dz\/fr\/wp-json\/wp\/v2\/types\/product"}],"replies":[{"embeddable":true,"href":"https:\/\/emif.dz\/fr\/wp-json\/wp\/v2\/comments?post=30430"}],"version-history":[{"count":0,"href":"https:\/\/emif.dz\/fr\/wp-json\/wp\/v2\/product\/30430\/revisions"}],"wp:attachment":[{"href":"https:\/\/emif.dz\/fr\/wp-json\/wp\/v2\/media?parent=30430"}],"wp:term":[{"taxonomy":"product_brand","embeddable":true,"href":"https:\/\/emif.dz\/fr\/wp-json\/wp\/v2\/product_brand?post=30430"},{"taxonomy":"product_cat","embeddable":true,"href":"https:\/\/emif.dz\/fr\/wp-json\/wp\/v2\/product_cat?post=30430"},{"taxonomy":"product_tag","embeddable":true,"href":"https:\/\/emif.dz\/fr\/wp-json\/wp\/v2\/product_tag?post=30430"}],"curies":[{"name":"wp","href":"https:\/\/api.w.org\/{rel}","templated":true}]}}