{"id":30433,"date":"2026-02-20T15:29:04","date_gmt":"2026-02-20T14:29:04","guid":{"rendered":"https:\/\/emif.dz\/?post_type=product&#038;p=30433"},"modified":"2026-03-18T11:47:24","modified_gmt":"2026-03-18T10:47:24","slug":"rlvg-pl-12-6","status":"publish","type":"product","link":"https:\/\/emif.dz\/fr\/produit\/rlvg-pl-12-6\/","title":{"rendered":"RLVG PL\/12-6"},"content":{"rendered":"<p>Classe d\u2019efficacit\u00e9 \u00e9nerg\u00e9tique : A++<br \/>\n<img decoding=\"async\" class=\"emoji\" role=\"img\" src=\"https:\/\/s.w.org\/images\/core\/emoji\/17.0.2\/svg\/25aa.svg\" alt=\"\u25aa\" \/>\u00a0Pose libre<br \/>\n<img decoding=\"async\" class=\"emoji\" role=\"img\" src=\"https:\/\/s.w.org\/images\/core\/emoji\/17.0.2\/svg\/25aa.svg\" alt=\"\u25aa\" \/>\u00a0Nombre de couverts : 12<br \/>\n<img decoding=\"async\" class=\"emoji\" role=\"img\" src=\"https:\/\/s.w.org\/images\/core\/emoji\/17.0.2\/svg\/25aa.svg\" alt=\"\u25aa\" \/>\u00a0Niveau sonore : 49dB<br \/>\n<img decoding=\"async\" class=\"emoji\" role=\"img\" src=\"https:\/\/s.w.org\/images\/core\/emoji\/17.0.2\/svg\/25aa.svg\" alt=\"\u25aa\" \/>\u00a0Lumi\u00e8re : Blanche<br \/>\n<img decoding=\"async\" class=\"emoji\" role=\"img\" src=\"https:\/\/s.w.org\/images\/core\/emoji\/17.0.2\/svg\/25aa.svg\" alt=\"\u25aa\" \/>\u00a06 Programmes : Intensif\/Eco\/L\u00e9ger\/60min\/<br \/>\nRapide\/Pr\u00e9lavage<br \/>\n<img decoding=\"async\" class=\"emoji\" role=\"img\" src=\"https:\/\/s.w.org\/images\/core\/emoji\/17.0.2\/svg\/25aa.svg\" alt=\"\u25aa\" \/>\u00a0Dry+<br \/>\n<img decoding=\"async\" class=\"emoji\" role=\"img\" src=\"https:\/\/s.w.org\/images\/core\/emoji\/17.0.2\/svg\/25aa.svg\" alt=\"\u25aa\" \/>\u00a0Lavage en demi-charge<br \/>\n<img decoding=\"async\" class=\"emoji\" role=\"img\" src=\"https:\/\/s.w.org\/images\/core\/emoji\/17.0.2\/svg\/25aa.svg\" alt=\"\u25aa\" \/>\u00a0D\u00e9marrage diff\u00e9r\u00e9 de 1 \u00e0 24 heures<br \/>\n<img decoding=\"async\" class=\"emoji\" role=\"img\" src=\"https:\/\/s.w.org\/images\/core\/emoji\/17.0.2\/svg\/25aa.svg\" alt=\"\u25aa\" \/>\u00a0Verrouillage enfant<br \/>\n<img decoding=\"async\" class=\"emoji\" role=\"img\" src=\"https:\/\/s.w.org\/images\/core\/emoji\/17.0.2\/svg\/25aa.svg\" alt=\"\u25aa\" \/>\u00a0Consommaton d\u2019eau : 11 L<br \/>\n<img decoding=\"async\" class=\"emoji\" role=\"img\" src=\"https:\/\/s.w.org\/images\/core\/emoji\/17.0.2\/svg\/25aa.svg\" alt=\"\u25aa\" \/>\u00a0Duret\u00e9 de l\u2019eau r\u00e9glable<br \/>\n<img decoding=\"async\" class=\"emoji\" role=\"img\" src=\"https:\/\/s.w.org\/images\/core\/emoji\/17.0.2\/svg\/25aa.svg\" alt=\"\u25aa\" \/>\u00a0Dur\u00e9e du programme du cycle<br \/>\nde nettoyage standard : 172 min<br \/>\n<img decoding=\"async\" class=\"emoji\" role=\"img\" src=\"https:\/\/s.w.org\/images\/core\/emoji\/17.0.2\/svg\/25aa.svg\" alt=\"\u25aa\" \/>\u00a0Consommaton d\u2019\u00e9nergie : 1850 W<br \/>\n<img decoding=\"async\" class=\"emoji\" role=\"img\" src=\"https:\/\/s.w.org\/images\/core\/emoji\/17.0.2\/svg\/25aa.svg\" alt=\"\u25aa\" \/>\u00a0Temp\u00e9rature de l\u2019eau : Max.62\u00b0C<br \/>\n<img decoding=\"async\" class=\"emoji\" role=\"img\" src=\"https:\/\/s.w.org\/images\/core\/emoji\/17.0.2\/svg\/25aa.svg\" alt=\"\u25aa\" \/>\u00a0NW\/G.W : 42\/46 kg<br \/>\n<img decoding=\"async\" class=\"emoji\" role=\"img\" src=\"https:\/\/s.w.org\/images\/core\/emoji\/17.0.2\/svg\/25aa.svg\" alt=\"\u25aa\" \/>\u00a060 x 60 x 84.5cm<\/p>","protected":false},"excerpt":{"rendered":"<p>Classe d\u2019efficacit\u00e9 \u00e9nerg\u00e9tique : A++ \u00a0Pose libre \u00a0Nombre de couverts : 12 \u00a0Niveau sonore : 49dB \u00a0Lumi\u00e8re : Blanche \u00a06<\/p>","protected":false},"featured_media":0,"comment_status":"open","ping_status":"closed","template":"","meta":{"_acf_changed":false},"product_brand":[228],"product_cat":[136],"product_tag":[],"class_list":{"0":"post-30433","1":"product","2":"type-product","3":"status-publish","5":"product_brand-raylan","6":"product_cat-lave-vaisselle","8":"first","9":"instock","10":"shipping-taxable","11":"purchasable","12":"product-type-simple"},"acf":[],"_links":{"self":[{"href":"https:\/\/emif.dz\/fr\/wp-json\/wp\/v2\/product\/30433","targetHints":{"allow":["GET"]}}],"collection":[{"href":"https:\/\/emif.dz\/fr\/wp-json\/wp\/v2\/product"}],"about":[{"href":"https:\/\/emif.dz\/fr\/wp-json\/wp\/v2\/types\/product"}],"replies":[{"embeddable":true,"href":"https:\/\/emif.dz\/fr\/wp-json\/wp\/v2\/comments?post=30433"}],"version-history":[{"count":0,"href":"https:\/\/emif.dz\/fr\/wp-json\/wp\/v2\/product\/30433\/revisions"}],"wp:attachment":[{"href":"https:\/\/emif.dz\/fr\/wp-json\/wp\/v2\/media?parent=30433"}],"wp:term":[{"taxonomy":"product_brand","embeddable":true,"href":"https:\/\/emif.dz\/fr\/wp-json\/wp\/v2\/product_brand?post=30433"},{"taxonomy":"product_cat","embeddable":true,"href":"https:\/\/emif.dz\/fr\/wp-json\/wp\/v2\/product_cat?post=30433"},{"taxonomy":"product_tag","embeddable":true,"href":"https:\/\/emif.dz\/fr\/wp-json\/wp\/v2\/product_tag?post=30433"}],"curies":[{"name":"wp","href":"https:\/\/api.w.org\/{rel}","templated":true}]}}