{"id":30466,"date":"2026-02-20T17:02:57","date_gmt":"2026-02-20T16:02:57","guid":{"rendered":"https:\/\/emif.dz\/?post_type=product&#038;p=30466"},"modified":"2026-03-18T11:30:20","modified_gmt":"2026-03-18T10:30:20","slug":"rcp-asp-90-gff-vi","status":"publish","type":"product","link":"https:\/\/emif.dz\/fr\/produit\/rcp-asp-90-gff-vi\/","title":{"rendered":"CUISINIERE90 CM  NOIR"},"content":{"rendered":"<p>TABLE<br \/>\n<img decoding=\"async\" class=\"emoji\" role=\"img\" src=\"https:\/\/s.w.org\/images\/core\/emoji\/17.0.2\/svg\/25aa.svg\" alt=\"\u25aa\" \/>\u00a0Plaques de cuisson \u00e0 gaz \u00e0 5 feux<br \/>\n<img decoding=\"async\" class=\"emoji\" role=\"img\" src=\"https:\/\/s.w.org\/images\/core\/emoji\/17.0.2\/svg\/25aa.svg\" alt=\"\u25aa\" \/>\u00a0Mat\u00e9riel: Acier inoxydable<br \/>\n<img decoding=\"async\" class=\"emoji\" role=\"img\" src=\"https:\/\/s.w.org\/images\/core\/emoji\/17.0.2\/svg\/25aa.svg\" alt=\"\u25aa\" \/>\u00a0Type de gaz : NG (GPL en kit)<br \/>\n<img decoding=\"async\" class=\"emoji\" role=\"img\" src=\"https:\/\/s.w.org\/images\/core\/emoji\/17.0.2\/svg\/25aa.svg\" alt=\"\u25aa\" \/>\u00a0Couvert br\u00fbleur: \u00c9maill\u00e9 mat<br \/>\n<img decoding=\"async\" class=\"emoji\" role=\"img\" src=\"https:\/\/s.w.org\/images\/core\/emoji\/17.0.2\/svg\/25aa.svg\" alt=\"\u25aa\" \/>\u00a0Support de casserole: Fonte avec support<br \/>\nwok pour TRB<br \/>\n<img decoding=\"async\" class=\"emoji\" role=\"img\" src=\"https:\/\/s.w.org\/images\/core\/emoji\/17.0.2\/svg\/25aa.svg\" alt=\"\u25aa\" \/>\u00a0Auto allumage<br \/>\n<img decoding=\"async\" class=\"emoji\" role=\"img\" src=\"https:\/\/s.w.org\/images\/core\/emoji\/17.0.2\/svg\/25aa.svg\" alt=\"\u25aa\" \/>\u00a0Br\u00fbleur Sabaf d\u2019origine italien, avec<br \/>\ndispositif<br \/>\nde s\u00e9curit\u00e9<br \/>\n<img decoding=\"async\" class=\"emoji\" role=\"img\" src=\"https:\/\/s.w.org\/images\/core\/emoji\/17.0.2\/svg\/25aa.svg\" alt=\"\u25aa\" \/>\u00a0FOUR<br \/>\n<img decoding=\"async\" class=\"emoji\" role=\"img\" src=\"https:\/\/s.w.org\/images\/core\/emoji\/17.0.2\/svg\/25aa.svg\" alt=\"\u25aa\" \/>\u00a0Fonction four: gaz-gaz<br \/>\n<img decoding=\"async\" class=\"emoji\" role=\"img\" src=\"https:\/\/s.w.org\/images\/core\/emoji\/17.0.2\/svg\/25aa.svg\" alt=\"\u25aa\" \/>\u00a0Capacit\u00e9 du four: 107L<br \/>\n<img decoding=\"async\" class=\"emoji\" role=\"img\" src=\"https:\/\/s.w.org\/images\/core\/emoji\/17.0.2\/svg\/25aa.svg\" alt=\"\u25aa\" \/>\u00a0Temp\u00e9rature maximale: 260\u00b0C<br \/>\n<img decoding=\"async\" class=\"emoji\" role=\"img\" src=\"https:\/\/s.w.org\/images\/core\/emoji\/17.0.2\/svg\/25aa.svg\" alt=\"\u25aa\" \/>\u00a0Minuterie num\u00e9rique<br \/>\n<img decoding=\"async\" class=\"emoji\" role=\"img\" src=\"https:\/\/s.w.org\/images\/core\/emoji\/17.0.2\/svg\/25aa.svg\" alt=\"\u25aa\" \/>\u00a0Couleur de la cavit\u00e9 du four: Cavit\u00e9<br \/>\n\u00e9maill\u00e9e noire<br \/>\n<img decoding=\"async\" class=\"emoji\" role=\"img\" src=\"https:\/\/s.w.org\/images\/core\/emoji\/17.0.2\/svg\/25aa.svg\" alt=\"\u25aa\" \/>\u00a0Support plateau: 5 positions d\u2019\u00e9tag\u00e8re<br \/>\n<img decoding=\"async\" class=\"emoji\" role=\"img\" src=\"https:\/\/s.w.org\/images\/core\/emoji\/17.0.2\/svg\/25aa.svg\" alt=\"\u25aa\" \/>\u00a0Lumi\u00e8re du four: Oui ( 2 ampoules)<br \/>\n<img decoding=\"async\" class=\"emoji\" role=\"img\" src=\"https:\/\/s.w.org\/images\/core\/emoji\/17.0.2\/svg\/25aa.svg\" alt=\"\u25aa\" \/>\u00a0Avec ventilateur de circulation<br \/>\n<img decoding=\"async\" class=\"emoji\" role=\"img\" src=\"https:\/\/s.w.org\/images\/core\/emoji\/17.0.2\/svg\/25aa.svg\" alt=\"\u25aa\" \/>\u00a0Avec ventilateur de refroidissement:<br \/>\n<img decoding=\"async\" class=\"emoji\" role=\"img\" src=\"https:\/\/s.w.org\/images\/core\/emoji\/17.0.2\/svg\/25aa.svg\" alt=\"\u25aa\" \/>\u00a0R\u00f4tissoire: Oui<br \/>\n<img decoding=\"async\" class=\"emoji\" role=\"img\" src=\"https:\/\/s.w.org\/images\/core\/emoji\/17.0.2\/svg\/25aa.svg\" alt=\"\u25aa\" \/>\u00a0Vanne avec thermostat: oui<br \/>\n<img decoding=\"async\" class=\"emoji\" role=\"img\" src=\"https:\/\/s.w.org\/images\/core\/emoji\/17.0.2\/svg\/25aa.svg\" alt=\"\u25aa\" \/>\u00a0Allumage porte ferm\u00e9e<br \/>\n<img decoding=\"async\" class=\"emoji\" role=\"img\" src=\"https:\/\/s.w.org\/images\/core\/emoji\/17.0.2\/svg\/25aa.svg\" alt=\"\u25aa\" \/>\u00a0Avec panneaux catalytiques (c\u00f4t\u00e9s gauche<br \/>\n+ droit + arri\u00e8re)<br \/>\n<img decoding=\"async\" class=\"emoji\" role=\"img\" src=\"https:\/\/s.w.org\/images\/core\/emoji\/17.0.2\/svg\/25aa.svg\" alt=\"\u25aa\" \/>\u00a0Porte du four: en verre \u00e0 trois couches sans<br \/>\nmiroir<br \/>\n<img decoding=\"async\" class=\"emoji\" role=\"img\" src=\"https:\/\/s.w.org\/images\/core\/emoji\/17.0.2\/svg\/25aa.svg\" alt=\"\u25aa\" \/>\u00a0Grille de gril de 90 cm (1 pi\u00e8ce)<br \/>\n<img decoding=\"async\" class=\"emoji\" role=\"img\" src=\"https:\/\/s.w.org\/images\/core\/emoji\/17.0.2\/svg\/25aa.svg\" alt=\"\u25aa\" \/>\u00a0Plaque de cuisson universelle ( 1pi\u00e8ce)<br \/>\n<img decoding=\"async\" class=\"emoji\" role=\"img\" src=\"https:\/\/s.w.org\/images\/core\/emoji\/17.0.2\/svg\/25aa.svg\" alt=\"\u25aa\" \/>\u00a0Cha\u00eenes anti-basculement: Oui (2 cha\u00eenes)<br \/>\n<img decoding=\"async\" class=\"emoji\" role=\"img\" src=\"https:\/\/s.w.org\/images\/core\/emoji\/17.0.2\/svg\/25aa.svg\" alt=\"\u25aa\" \/>\u00a0Avec ligne \u00e9lectrique avec prise<br \/>\neurop\u00e9enne<br \/>\n<img decoding=\"async\" class=\"emoji\" role=\"img\" src=\"https:\/\/s.w.org\/images\/core\/emoji\/17.0.2\/svg\/25aa.svg\" alt=\"\u25aa\" \/>\u00a0Dimensions : 900 x 600 x 765 (mm)<\/p>","protected":false},"excerpt":{"rendered":"<p>TABLE \u00a0Plaques de cuisson \u00e0 gaz \u00e0 5 feux \u00a0Mat\u00e9riel: Acier inoxydable \u00a0Type de gaz : NG (GPL en kit)<\/p>","protected":false},"featured_media":0,"comment_status":"open","ping_status":"closed","template":"","meta":{"_acf_changed":false},"product_brand":[228],"product_cat":[132],"product_tag":[],"class_list":{"0":"post-30466","1":"product","2":"type-product","3":"status-publish","5":"product_brand-raylan","6":"product_cat-cuisineres","8":"first","9":"instock","10":"shipping-taxable","11":"purchasable","12":"product-type-simple"},"acf":[],"_links":{"self":[{"href":"https:\/\/emif.dz\/fr\/wp-json\/wp\/v2\/product\/30466","targetHints":{"allow":["GET"]}}],"collection":[{"href":"https:\/\/emif.dz\/fr\/wp-json\/wp\/v2\/product"}],"about":[{"href":"https:\/\/emif.dz\/fr\/wp-json\/wp\/v2\/types\/product"}],"replies":[{"embeddable":true,"href":"https:\/\/emif.dz\/fr\/wp-json\/wp\/v2\/comments?post=30466"}],"version-history":[{"count":0,"href":"https:\/\/emif.dz\/fr\/wp-json\/wp\/v2\/product\/30466\/revisions"}],"wp:attachment":[{"href":"https:\/\/emif.dz\/fr\/wp-json\/wp\/v2\/media?parent=30466"}],"wp:term":[{"taxonomy":"product_brand","embeddable":true,"href":"https:\/\/emif.dz\/fr\/wp-json\/wp\/v2\/product_brand?post=30466"},{"taxonomy":"product_cat","embeddable":true,"href":"https:\/\/emif.dz\/fr\/wp-json\/wp\/v2\/product_cat?post=30466"},{"taxonomy":"product_tag","embeddable":true,"href":"https:\/\/emif.dz\/fr\/wp-json\/wp\/v2\/product_tag?post=30466"}],"curies":[{"name":"wp","href":"https:\/\/api.w.org\/{rel}","templated":true}]}}