{"id":30508,"date":"2026-02-22T11:47:07","date_gmt":"2026-02-22T10:47:07","guid":{"rendered":"https:\/\/emif.dz\/?post_type=product&#038;p=30508"},"modified":"2026-02-22T11:47:07","modified_gmt":"2026-02-22T10:47:07","slug":"cuisiniere-cristor-magicia-5-feux-inox-noir-80cm","status":"publish","type":"product","link":"https:\/\/emif.dz\/fr\/produit\/cuisiniere-cristor-magicia-5-feux-inox-noir-80cm\/","title":{"rendered":"Cuisini\u00e8re Cristor Magicia 5 feux Inox Noir 80cm"},"content":{"rendered":"<h4>D\u00e9couvrez la\u00a0<strong data-start=\"220\" data-end=\"249\">cuisini\u00e8re Magicia 5 feux de Cristor !<\/strong><\/h4>\n<ul>\n<li data-start=\"195\" data-end=\"288\">\n<p data-start=\"197\" data-end=\"288\"><strong data-start=\"197\" data-end=\"224\">5 feux avec br\u00fbleur Wok<\/strong>\u00a0: puissance \u00e9lev\u00e9e pour cuisson rapide et plats grand format.<\/p>\n<\/li>\n<li data-start=\"289\" data-end=\"379\">\n<p data-start=\"291\" data-end=\"379\"><strong data-start=\"291\" data-end=\"321\">Portes-casseroles en fonte<\/strong>\u00a0: stabilit\u00e9 optimale et grande r\u00e9sistance \u00e0 la chaleur.<\/p>\n<\/li>\n<li data-start=\"380\" data-end=\"511\">\n<p data-start=\"382\" data-end=\"511\"><strong data-start=\"382\" data-end=\"416\">Four ventil\u00e9 avec thermocouple<\/strong>\u00a0: cuisson homog\u00e8ne avec s\u00e9curit\u00e9 renforc\u00e9e, arr\u00eat automatique en cas d\u2019extinction de flamme.<\/p>\n<\/li>\n<li data-start=\"512\" data-end=\"612\">\n<p data-start=\"514\" data-end=\"612\"><strong data-start=\"514\" data-end=\"537\">Parois catalytiques<\/strong>\u00a0: nettoyage facile gr\u00e2ce \u00e0 l\u2019absorption des graisses pendant la cuisson.<\/p>\n<\/li>\n<li data-start=\"613\" data-end=\"723\">\n<p data-start=\"615\" data-end=\"723\"><strong data-start=\"615\" data-end=\"647\">Porte de four double vitrage<\/strong>\u00a0: meilleure isolation thermique et s\u00e9curit\u00e9 contre la chaleur ext\u00e9rieure.<\/p>\n<\/li>\n<li data-start=\"724\" data-end=\"808\">\n<p data-start=\"726\" data-end=\"808\"><strong data-start=\"726\" data-end=\"746\">Axe tournebroche<\/strong>\u00a0: r\u00f4tissage uniforme pour viandes et volailles savoureuses.<\/p>\n<\/li>\n<\/ul>","protected":false},"excerpt":{"rendered":"<p>D\u00e9couvrez la\u00a0cuisini\u00e8re Magicia 5 feux de Cristor ! 5 feux avec br\u00fbleur Wok\u00a0: puissance \u00e9lev\u00e9e pour cuisson rapide et plats<\/p>","protected":false},"featured_media":0,"comment_status":"open","ping_status":"closed","template":"","meta":{"_acf_changed":false},"product_brand":[235],"product_cat":[132],"product_tag":[],"class_list":{"0":"post-30508","1":"product","2":"type-product","3":"status-publish","5":"product_brand-cristor","6":"product_cat-cuisineres","8":"first","9":"instock","10":"shipping-taxable","11":"purchasable","12":"product-type-simple"},"acf":[],"_links":{"self":[{"href":"https:\/\/emif.dz\/fr\/wp-json\/wp\/v2\/product\/30508","targetHints":{"allow":["GET"]}}],"collection":[{"href":"https:\/\/emif.dz\/fr\/wp-json\/wp\/v2\/product"}],"about":[{"href":"https:\/\/emif.dz\/fr\/wp-json\/wp\/v2\/types\/product"}],"replies":[{"embeddable":true,"href":"https:\/\/emif.dz\/fr\/wp-json\/wp\/v2\/comments?post=30508"}],"version-history":[{"count":0,"href":"https:\/\/emif.dz\/fr\/wp-json\/wp\/v2\/product\/30508\/revisions"}],"wp:attachment":[{"href":"https:\/\/emif.dz\/fr\/wp-json\/wp\/v2\/media?parent=30508"}],"wp:term":[{"taxonomy":"product_brand","embeddable":true,"href":"https:\/\/emif.dz\/fr\/wp-json\/wp\/v2\/product_brand?post=30508"},{"taxonomy":"product_cat","embeddable":true,"href":"https:\/\/emif.dz\/fr\/wp-json\/wp\/v2\/product_cat?post=30508"},{"taxonomy":"product_tag","embeddable":true,"href":"https:\/\/emif.dz\/fr\/wp-json\/wp\/v2\/product_tag?post=30508"}],"curies":[{"name":"wp","href":"https:\/\/api.w.org\/{rel}","templated":true}]}}