{"id":30517,"date":"2026-02-23T09:00:46","date_gmt":"2026-02-23T08:00:46","guid":{"rendered":"https:\/\/emif.dz\/?post_type=product&#038;p=30517"},"modified":"2026-02-23T09:00:46","modified_gmt":"2026-02-23T08:00:46","slug":"refrigerateur-cristor-double-porte-defrost-blanc-294-l","status":"publish","type":"product","link":"https:\/\/emif.dz\/fr\/produit\/refrigerateur-cristor-double-porte-defrost-blanc-294-l\/","title":{"rendered":"R\u00e9frig\u00e9rateur CRISTOR Double porte Defrost Blanc 294 L"},"content":{"rendered":"<p>capacit\u00e9 de stockage 294 litres au design moderne Gris.<\/p>\n<p>Silencieux et fiable, \u00e9conome en \u00e9nergie .<\/p>\n<p>avec 10 ans de garantie sur le compresseur.<\/p>","protected":false},"excerpt":{"rendered":"<p>capacit\u00e9 de stockage 294 litres au design moderne Gris. Silencieux et fiable, \u00e9conome en \u00e9nergie . avec 10 ans de<\/p>","protected":false},"featured_media":0,"comment_status":"open","ping_status":"closed","template":"","meta":{"_acf_changed":false},"product_brand":[235],"product_cat":[127],"product_tag":[],"class_list":{"0":"post-30517","1":"product","2":"type-product","3":"status-publish","5":"product_brand-cristor","6":"product_cat-refrigerateurs","8":"first","9":"instock","10":"shipping-taxable","11":"purchasable","12":"product-type-simple"},"acf":[],"_links":{"self":[{"href":"https:\/\/emif.dz\/fr\/wp-json\/wp\/v2\/product\/30517","targetHints":{"allow":["GET"]}}],"collection":[{"href":"https:\/\/emif.dz\/fr\/wp-json\/wp\/v2\/product"}],"about":[{"href":"https:\/\/emif.dz\/fr\/wp-json\/wp\/v2\/types\/product"}],"replies":[{"embeddable":true,"href":"https:\/\/emif.dz\/fr\/wp-json\/wp\/v2\/comments?post=30517"}],"version-history":[{"count":0,"href":"https:\/\/emif.dz\/fr\/wp-json\/wp\/v2\/product\/30517\/revisions"}],"wp:attachment":[{"href":"https:\/\/emif.dz\/fr\/wp-json\/wp\/v2\/media?parent=30517"}],"wp:term":[{"taxonomy":"product_brand","embeddable":true,"href":"https:\/\/emif.dz\/fr\/wp-json\/wp\/v2\/product_brand?post=30517"},{"taxonomy":"product_cat","embeddable":true,"href":"https:\/\/emif.dz\/fr\/wp-json\/wp\/v2\/product_cat?post=30517"},{"taxonomy":"product_tag","embeddable":true,"href":"https:\/\/emif.dz\/fr\/wp-json\/wp\/v2\/product_tag?post=30517"}],"curies":[{"name":"wp","href":"https:\/\/api.w.org\/{rel}","templated":true}]}}