{"id":30527,"date":"2026-02-23T09:20:40","date_gmt":"2026-02-23T08:20:40","guid":{"rendered":"https:\/\/emif.dz\/?post_type=product&#038;p=30527"},"modified":"2026-02-23T09:20:40","modified_gmt":"2026-02-23T08:20:40","slug":"four-encastrable-cristor-fabulo-01-gaz-gaz-inox-62l","status":"publish","type":"product","link":"https:\/\/emif.dz\/fr\/produit\/four-encastrable-cristor-fabulo-01-gaz-gaz-inox-62l\/","title":{"rendered":"Four Encastrable Cristor Fabulo 01 Gaz Gaz Inox 62L"},"content":{"rendered":"<p data-start=\"309\" data-end=\"364\"><strong data-start=\"309\" data-end=\"362\">D\u00e9couvrez le Four encastrable Fabulo 01 de Cristor\u00a0 Simplicit\u00e9 et s\u00e9curit\u00e9<\/strong><\/p>\n<ul data-start=\"366\" data-end=\"714\">\n<li data-start=\"366\" data-end=\"451\">\n<p data-start=\"368\" data-end=\"451\"><strong data-start=\"368\" data-end=\"385\">Tourne-broche<\/strong>\u00a0: r\u00f4tissage uniforme pour des viandes et volailles savoureuses.<\/p>\n<\/li>\n<li data-start=\"452\" data-end=\"557\">\n<p data-start=\"454\" data-end=\"557\"><strong data-start=\"454\" data-end=\"470\">Thermocouple<\/strong>\u00a0: s\u00e9curit\u00e9 renforc\u00e9e avec arr\u00eat automatique du gaz en cas d\u2019extinction de la flamme.<\/p>\n<\/li>\n<li data-start=\"558\" data-end=\"644\">\n<p data-start=\"560\" data-end=\"644\"><strong data-start=\"560\" data-end=\"583\">Minuterie m\u00e9canique<\/strong>\u00a0: r\u00e9glage simple et contr\u00f4le pratique du temps de cuisson.<\/p>\n<\/li>\n<li data-start=\"645\" data-end=\"714\">\n<p data-start=\"647\" data-end=\"714\"><strong data-start=\"647\" data-end=\"664\">Auto-allumage<\/strong>\u00a0: utilisation confortable et rapide au quotidien.<\/p>\n<\/li>\n<\/ul>","protected":false},"excerpt":{"rendered":"<p>D\u00e9couvrez le Four encastrable Fabulo 01 de Cristor\u00a0 Simplicit\u00e9 et s\u00e9curit\u00e9 Tourne-broche\u00a0: r\u00f4tissage uniforme pour des viandes et volailles savoureuses.<\/p>","protected":false},"featured_media":0,"comment_status":"open","ping_status":"closed","template":"","meta":{"_acf_changed":false},"product_brand":[235],"product_cat":[133],"product_tag":[],"class_list":{"0":"post-30527","1":"product","2":"type-product","3":"status-publish","5":"product_brand-cristor","6":"product_cat-plaques-de-cuisson","8":"first","9":"instock","10":"shipping-taxable","11":"purchasable","12":"product-type-simple"},"acf":[],"_links":{"self":[{"href":"https:\/\/emif.dz\/fr\/wp-json\/wp\/v2\/product\/30527","targetHints":{"allow":["GET"]}}],"collection":[{"href":"https:\/\/emif.dz\/fr\/wp-json\/wp\/v2\/product"}],"about":[{"href":"https:\/\/emif.dz\/fr\/wp-json\/wp\/v2\/types\/product"}],"replies":[{"embeddable":true,"href":"https:\/\/emif.dz\/fr\/wp-json\/wp\/v2\/comments?post=30527"}],"version-history":[{"count":0,"href":"https:\/\/emif.dz\/fr\/wp-json\/wp\/v2\/product\/30527\/revisions"}],"wp:attachment":[{"href":"https:\/\/emif.dz\/fr\/wp-json\/wp\/v2\/media?parent=30527"}],"wp:term":[{"taxonomy":"product_brand","embeddable":true,"href":"https:\/\/emif.dz\/fr\/wp-json\/wp\/v2\/product_brand?post=30527"},{"taxonomy":"product_cat","embeddable":true,"href":"https:\/\/emif.dz\/fr\/wp-json\/wp\/v2\/product_cat?post=30527"},{"taxonomy":"product_tag","embeddable":true,"href":"https:\/\/emif.dz\/fr\/wp-json\/wp\/v2\/product_tag?post=30527"}],"curies":[{"name":"wp","href":"https:\/\/api.w.org\/{rel}","templated":true}]}}