{"id":30533,"date":"2026-02-23T10:55:44","date_gmt":"2026-02-23T09:55:44","guid":{"rendered":"https:\/\/emif.dz\/?post_type=product&#038;p=30533"},"modified":"2026-03-16T13:46:19","modified_gmt":"2026-03-16T12:46:19","slug":"hotte-t-lila-60-cm","status":"publish","type":"product","link":"https:\/\/emif.dz\/fr\/produit\/hotte-t-lila-60-cm\/","title":{"rendered":"Hotte T Lila 60 cm"},"content":{"rendered":"<p>Plongez dans l\u2019excellence culinaire avec notre hotte T de Condor; Lila 60 cm avec sa combinaison parfaite de style, de fonctionnalit\u00e9 et de performance, Lila en acier inoxydable est un choix incontournable pour les passionn\u00e9s de cuisine exigeants. Transformez votre cuisine en un sanctuaire de gastronomie avec cette pi\u00e8ce ma\u00eetresse d\u2019excellence.<\/p>","protected":false},"excerpt":{"rendered":"<p>Plongez dans l\u2019excellence culinaire avec notre hotte T de Condor; Lila 60 cm avec sa combinaison parfaite de style, de<\/p>","protected":false},"featured_media":0,"comment_status":"open","ping_status":"closed","template":"","meta":{"_acf_changed":false},"product_brand":[232],"product_cat":[138],"product_tag":[],"class_list":{"0":"post-30533","1":"product","2":"type-product","3":"status-publish","5":"product_brand-condor","6":"product_cat-hottes","8":"first","9":"instock","10":"shipping-taxable","11":"purchasable","12":"product-type-simple"},"acf":[],"_links":{"self":[{"href":"https:\/\/emif.dz\/fr\/wp-json\/wp\/v2\/product\/30533","targetHints":{"allow":["GET"]}}],"collection":[{"href":"https:\/\/emif.dz\/fr\/wp-json\/wp\/v2\/product"}],"about":[{"href":"https:\/\/emif.dz\/fr\/wp-json\/wp\/v2\/types\/product"}],"replies":[{"embeddable":true,"href":"https:\/\/emif.dz\/fr\/wp-json\/wp\/v2\/comments?post=30533"}],"version-history":[{"count":0,"href":"https:\/\/emif.dz\/fr\/wp-json\/wp\/v2\/product\/30533\/revisions"}],"wp:attachment":[{"href":"https:\/\/emif.dz\/fr\/wp-json\/wp\/v2\/media?parent=30533"}],"wp:term":[{"taxonomy":"product_brand","embeddable":true,"href":"https:\/\/emif.dz\/fr\/wp-json\/wp\/v2\/product_brand?post=30533"},{"taxonomy":"product_cat","embeddable":true,"href":"https:\/\/emif.dz\/fr\/wp-json\/wp\/v2\/product_cat?post=30533"},{"taxonomy":"product_tag","embeddable":true,"href":"https:\/\/emif.dz\/fr\/wp-json\/wp\/v2\/product_tag?post=30533"}],"curies":[{"name":"wp","href":"https:\/\/api.w.org\/{rel}","templated":true}]}}