{"id":30566,"date":"2026-02-26T10:26:33","date_gmt":"2026-02-26T09:26:33","guid":{"rendered":"https:\/\/emif.dz\/?post_type=product&#038;p=30566"},"modified":"2026-03-16T13:36:03","modified_gmt":"2026-03-16T12:36:03","slug":"refrigerateur-combine-crc580adx-no-frost-inverter","status":"publish","type":"product","link":"https:\/\/emif.dz\/fr\/produit\/refrigerateur-combine-crc580adx-no-frost-inverter\/","title":{"rendered":"R\u00e9frig\u00e9rateur Combin\u00e9 CRC580ADX \u2013 No Frost Inverter"},"content":{"rendered":"<p>Le r\u00e9frig\u00e9rateur CONDOR combin\u00e9 offre une capacit\u00e9 g\u00e9n\u00e9reuse de 445 litres, dot\u00e9 d un compresseur inverter , avec la fonction No Frost pour \u00e9viter la formation de givre. avec une finition en dark\u00a0 inox ajoute une touche de modernit\u00e9 \u00e0 votre cuisine.<\/p>","protected":false},"excerpt":{"rendered":"<p>Le r\u00e9frig\u00e9rateur CONDOR combin\u00e9 offre une capacit\u00e9 g\u00e9n\u00e9reuse de 445 litres, dot\u00e9 d un compresseur inverter , avec la fonction<\/p>","protected":false},"featured_media":0,"comment_status":"open","ping_status":"closed","template":"","meta":{"_acf_changed":false},"product_brand":[232],"product_cat":[127],"product_tag":[],"class_list":{"0":"post-30566","1":"product","2":"type-product","3":"status-publish","5":"product_brand-condor","6":"product_cat-refrigerateurs","8":"first","9":"instock","10":"shipping-taxable","11":"purchasable","12":"product-type-simple"},"acf":[],"_links":{"self":[{"href":"https:\/\/emif.dz\/fr\/wp-json\/wp\/v2\/product\/30566","targetHints":{"allow":["GET"]}}],"collection":[{"href":"https:\/\/emif.dz\/fr\/wp-json\/wp\/v2\/product"}],"about":[{"href":"https:\/\/emif.dz\/fr\/wp-json\/wp\/v2\/types\/product"}],"replies":[{"embeddable":true,"href":"https:\/\/emif.dz\/fr\/wp-json\/wp\/v2\/comments?post=30566"}],"version-history":[{"count":0,"href":"https:\/\/emif.dz\/fr\/wp-json\/wp\/v2\/product\/30566\/revisions"}],"wp:attachment":[{"href":"https:\/\/emif.dz\/fr\/wp-json\/wp\/v2\/media?parent=30566"}],"wp:term":[{"taxonomy":"product_brand","embeddable":true,"href":"https:\/\/emif.dz\/fr\/wp-json\/wp\/v2\/product_brand?post=30566"},{"taxonomy":"product_cat","embeddable":true,"href":"https:\/\/emif.dz\/fr\/wp-json\/wp\/v2\/product_cat?post=30566"},{"taxonomy":"product_tag","embeddable":true,"href":"https:\/\/emif.dz\/fr\/wp-json\/wp\/v2\/product_tag?post=30566"}],"curies":[{"name":"wp","href":"https:\/\/api.w.org\/{rel}","templated":true}]}}