{"id":30585,"date":"2026-02-26T11:05:41","date_gmt":"2026-02-26T10:05:41","guid":{"rendered":"https:\/\/emif.dz\/?post_type=product&#038;p=30585"},"modified":"2026-03-16T10:32:12","modified_gmt":"2026-03-16T09:32:12","slug":"table-encastrable-condor-rigati-3-4-feux-black-glass-60-cm","status":"publish","type":"product","link":"https:\/\/emif.dz\/fr\/produit\/table-encastrable-condor-rigati-3-4-feux-black-glass-60-cm\/","title":{"rendered":"Table encastrable Condor Rigati 3 4 feux Black Glass 60 cm"},"content":{"rendered":"<p>Finition en verre noir et cuivre<\/p>\n<p>Wok Burner<\/p>\n<p>Portes -Casseroles \u00e9maill\u00e9s Ronds<\/p>\n<p>S\u00e9curit\u00e9 avec thermocouple ( FSD)<\/p>\n<p>Auto Allumag<\/p>","protected":false},"excerpt":{"rendered":"<p>Finition en verre noir et cuivre Wok Burner Portes -Casseroles \u00e9maill\u00e9s Ronds S\u00e9curit\u00e9 avec thermocouple ( FSD) Auto Allumag<\/p>","protected":false},"featured_media":0,"comment_status":"open","ping_status":"closed","template":"","meta":{"_acf_changed":false},"product_brand":[232],"product_cat":[133],"product_tag":[],"class_list":{"0":"post-30585","1":"product","2":"type-product","3":"status-publish","5":"product_brand-condor","6":"product_cat-plaques-de-cuisson","8":"first","9":"instock","10":"shipping-taxable","11":"purchasable","12":"product-type-simple"},"acf":[],"_links":{"self":[{"href":"https:\/\/emif.dz\/fr\/wp-json\/wp\/v2\/product\/30585","targetHints":{"allow":["GET"]}}],"collection":[{"href":"https:\/\/emif.dz\/fr\/wp-json\/wp\/v2\/product"}],"about":[{"href":"https:\/\/emif.dz\/fr\/wp-json\/wp\/v2\/types\/product"}],"replies":[{"embeddable":true,"href":"https:\/\/emif.dz\/fr\/wp-json\/wp\/v2\/comments?post=30585"}],"version-history":[{"count":0,"href":"https:\/\/emif.dz\/fr\/wp-json\/wp\/v2\/product\/30585\/revisions"}],"wp:attachment":[{"href":"https:\/\/emif.dz\/fr\/wp-json\/wp\/v2\/media?parent=30585"}],"wp:term":[{"taxonomy":"product_brand","embeddable":true,"href":"https:\/\/emif.dz\/fr\/wp-json\/wp\/v2\/product_brand?post=30585"},{"taxonomy":"product_cat","embeddable":true,"href":"https:\/\/emif.dz\/fr\/wp-json\/wp\/v2\/product_cat?post=30585"},{"taxonomy":"product_tag","embeddable":true,"href":"https:\/\/emif.dz\/fr\/wp-json\/wp\/v2\/product_tag?post=30585"}],"curies":[{"name":"wp","href":"https:\/\/api.w.org\/{rel}","templated":true}]}}