{"id":30594,"date":"2026-02-26T11:11:23","date_gmt":"2026-02-26T10:11:23","guid":{"rendered":"https:\/\/emif.dz\/?post_type=product&#038;p=30594"},"modified":"2026-03-16T10:18:12","modified_gmt":"2026-03-16T09:18:12","slug":"hotte-decorative-alia-60-cm","status":"publish","type":"product","link":"https:\/\/emif.dz\/fr\/produit\/hotte-decorative-alia-60-cm\/","title":{"rendered":"Hotte D\u00e9corative Alia 60 cm"},"content":{"rendered":"<p>Apportez une touche de sophistication \u00e0 votre cuisine avec cette hotte d\u00e9corative en black glass. Alliant style moderne et performance, elle \u00e9limine efficacement les odeurs et assure une ventilation optimale. Facile \u00e0 contr\u00f4ler, elle est l\u2019\u00e9l\u00e9ment parfait pour une cuisine agr\u00e9able et contemporaine.<\/p>","protected":false},"excerpt":{"rendered":"<p>Apportez une touche de sophistication \u00e0 votre cuisine avec cette hotte d\u00e9corative en black glass. Alliant style moderne et performance,<\/p>","protected":false},"featured_media":0,"comment_status":"open","ping_status":"closed","template":"","meta":{"_acf_changed":false},"product_brand":[232],"product_cat":[138],"product_tag":[],"class_list":{"0":"post-30594","1":"product","2":"type-product","3":"status-publish","5":"product_brand-condor","6":"product_cat-hottes","8":"first","9":"instock","10":"shipping-taxable","11":"purchasable","12":"product-type-simple"},"acf":[],"_links":{"self":[{"href":"https:\/\/emif.dz\/fr\/wp-json\/wp\/v2\/product\/30594","targetHints":{"allow":["GET"]}}],"collection":[{"href":"https:\/\/emif.dz\/fr\/wp-json\/wp\/v2\/product"}],"about":[{"href":"https:\/\/emif.dz\/fr\/wp-json\/wp\/v2\/types\/product"}],"replies":[{"embeddable":true,"href":"https:\/\/emif.dz\/fr\/wp-json\/wp\/v2\/comments?post=30594"}],"version-history":[{"count":0,"href":"https:\/\/emif.dz\/fr\/wp-json\/wp\/v2\/product\/30594\/revisions"}],"wp:attachment":[{"href":"https:\/\/emif.dz\/fr\/wp-json\/wp\/v2\/media?parent=30594"}],"wp:term":[{"taxonomy":"product_brand","embeddable":true,"href":"https:\/\/emif.dz\/fr\/wp-json\/wp\/v2\/product_brand?post=30594"},{"taxonomy":"product_cat","embeddable":true,"href":"https:\/\/emif.dz\/fr\/wp-json\/wp\/v2\/product_cat?post=30594"},{"taxonomy":"product_tag","embeddable":true,"href":"https:\/\/emif.dz\/fr\/wp-json\/wp\/v2\/product_tag?post=30594"}],"curies":[{"name":"wp","href":"https:\/\/api.w.org\/{rel}","templated":true}]}}