{"id":30626,"date":"2026-02-28T23:51:39","date_gmt":"2026-02-28T22:51:39","guid":{"rendered":"https:\/\/emif.dz\/?post_type=product&#038;p=30626"},"modified":"2026-02-28T23:51:39","modified_gmt":"2026-02-28T22:51:39","slug":"radiateur-murale-nardi-12-elements","status":"publish","type":"product","link":"https:\/\/emif.dz\/fr\/produit\/radiateur-murale-nardi-12-elements\/","title":{"rendered":"Radiateur Murale NARDI 12 \u00e9l\u00e9ments"},"content":{"rendered":"<p data-start=\"958\" data-end=\"1042\"><strong data-start=\"958\" data-end=\"990\">12 \u00e9l\u00e9ments en aluminium pur<\/strong>\u00a0\u2013 Chaleur rapide et uniforme dans toute la pi\u00e8ce.<\/p>\n<p data-start=\"1046\" data-end=\"1122\"><strong data-start=\"1046\" data-end=\"1078\">Niveaux de chaleur r\u00e9glables<\/strong>\u00a0\u2013 Confort personnalis\u00e9 selon vos besoins.<\/p>\n<p data-start=\"1126\" data-end=\"1200\"><strong data-start=\"1126\" data-end=\"1155\">Design compact et moderne<\/strong>\u00a0\u2013 S\u2019int\u00e8gre parfaitement \u00e0 tout int\u00e9rieur.<\/p>\n<p data-start=\"1204\" data-end=\"1295\"><strong data-start=\"1204\" data-end=\"1225\">Fiable et durable<\/strong>\u00a0\u2013 Temp\u00e9rature max 120\u202f\u00b0C, r\u00e9sistant \u00e0 la pression, garanti 24 mois.<\/p>","protected":false},"excerpt":{"rendered":"<p>12 \u00e9l\u00e9ments en aluminium pur\u00a0\u2013 Chaleur rapide et uniforme dans toute la pi\u00e8ce. Niveaux de chaleur r\u00e9glables\u00a0\u2013 Confort personnalis\u00e9 selon<\/p>","protected":false},"featured_media":0,"comment_status":"open","ping_status":"closed","template":"","meta":{"_acf_changed":false},"product_brand":[234],"product_cat":[142],"product_tag":[],"class_list":{"0":"post-30626","1":"product","2":"type-product","3":"status-publish","5":"product_brand-nardi","6":"product_cat-chauffage-central","8":"first","9":"instock","10":"shipping-taxable","11":"purchasable","12":"product-type-simple"},"acf":[],"_links":{"self":[{"href":"https:\/\/emif.dz\/fr\/wp-json\/wp\/v2\/product\/30626","targetHints":{"allow":["GET"]}}],"collection":[{"href":"https:\/\/emif.dz\/fr\/wp-json\/wp\/v2\/product"}],"about":[{"href":"https:\/\/emif.dz\/fr\/wp-json\/wp\/v2\/types\/product"}],"replies":[{"embeddable":true,"href":"https:\/\/emif.dz\/fr\/wp-json\/wp\/v2\/comments?post=30626"}],"version-history":[{"count":0,"href":"https:\/\/emif.dz\/fr\/wp-json\/wp\/v2\/product\/30626\/revisions"}],"wp:attachment":[{"href":"https:\/\/emif.dz\/fr\/wp-json\/wp\/v2\/media?parent=30626"}],"wp:term":[{"taxonomy":"product_brand","embeddable":true,"href":"https:\/\/emif.dz\/fr\/wp-json\/wp\/v2\/product_brand?post=30626"},{"taxonomy":"product_cat","embeddable":true,"href":"https:\/\/emif.dz\/fr\/wp-json\/wp\/v2\/product_cat?post=30626"},{"taxonomy":"product_tag","embeddable":true,"href":"https:\/\/emif.dz\/fr\/wp-json\/wp\/v2\/product_tag?post=30626"}],"curies":[{"name":"wp","href":"https:\/\/api.w.org\/{rel}","templated":true}]}}