{"id":30632,"date":"2026-02-28T23:59:48","date_gmt":"2026-02-28T22:59:48","guid":{"rendered":"https:\/\/emif.dz\/?post_type=product&#038;p=30632"},"modified":"2026-03-01T16:41:24","modified_gmt":"2026-03-01T15:41:24","slug":"refrigerateur-double-porte-nardi-distributeur-deau-inox-511l","status":"publish","type":"product","link":"https:\/\/emif.dz\/fr\/produit\/refrigerateur-double-porte-nardi-distributeur-deau-inox-511l\/","title":{"rendered":"R\u00e9frig\u00e9rateur Double Porte Nardi Distributeur d\u2019eau Inox 511L"},"content":{"rendered":"<p data-path-to-node=\"12,1,0\"><span class=\"citation-189\"><span dir=\"auto\" style=\"vertical-align: inherit\"><span dir=\"auto\" style=\"vertical-align: inherit\"><span dir=\"auto\" style=\"vertical-align: inherit\"><span dir=\"auto\" style=\"vertical-align: inherit\"><span dir=\"auto\" style=\"vertical-align: inherit\"><span dir=\"auto\" style=\"vertical-align: inherit\"><span dir=\"auto\" style=\"vertical-align: inherit\"><span dir=\"auto\" style=\"vertical-align: inherit\"><span dir=\"auto\" style=\"vertical-align: inherit\"><span dir=\"auto\" style=\"vertical-align: inherit\"><span dir=\"auto\" style=\"vertical-align: inherit\"><span dir=\"auto\" style=\"vertical-align: inherit\">Compresseur Inverter\u00a0<\/span><\/span><\/span><\/span><\/span><\/span><\/span><\/span><\/span><\/span><\/span><\/span><\/span><\/p>\n<p><span dir=\"auto\" style=\"vertical-align: inherit\"><span dir=\"auto\" style=\"vertical-align: inherit\"><span dir=\"auto\" style=\"vertical-align: inherit\"><span dir=\"auto\" style=\"vertical-align: inherit\"><span dir=\"auto\" style=\"vertical-align: inherit\"><span dir=\"auto\" style=\"vertical-align: inherit\"><span dir=\"auto\" style=\"vertical-align: inherit\"><span dir=\"auto\" style=\"vertical-align: inherit\"><span dir=\"auto\" style=\"vertical-align: inherit\"><span dir=\"auto\" style=\"vertical-align: inherit\"><span dir=\"auto\" style=\"vertical-align: inherit\"><span dir=\"auto\" style=\"vertical-align: inherit\">Multir\u00e9frig\u00e9ration sans givre<\/span><\/span><\/span><\/span><\/span><\/span><\/span><\/span><\/span><\/span><\/span><\/span><\/p>\n<p><span dir=\"auto\" style=\"vertical-align: inherit\"><span dir=\"auto\" style=\"vertical-align: inherit\"><span dir=\"auto\" style=\"vertical-align: inherit\"><span dir=\"auto\" style=\"vertical-align: inherit\"><span dir=\"auto\" style=\"vertical-align: inherit\"><span dir=\"auto\" style=\"vertical-align: inherit\"><span dir=\"auto\" style=\"vertical-align: inherit\"><span dir=\"auto\" style=\"vertical-align: inherit\"><span dir=\"auto\" style=\"vertical-align: inherit\"><span dir=\"auto\" style=\"vertical-align: inherit\"><span dir=\"auto\" style=\"vertical-align: inherit\"><span dir=\"auto\" style=\"vertical-align: inherit\">Mode \u00e9conomique<\/span><\/span><\/span><\/span><\/span><\/span><\/span><\/span><\/span><\/span><\/span><\/span><\/p>\n<p data-path-to-node=\"12,1,0\"><span dir=\"auto\" style=\"vertical-align: inherit\"><span dir=\"auto\" style=\"vertical-align: inherit\"><span dir=\"auto\" style=\"vertical-align: inherit\"><span dir=\"auto\" style=\"vertical-align: inherit\"><span dir=\"auto\" style=\"vertical-align: inherit\"><span dir=\"auto\" style=\"vertical-align: inherit\"><span dir=\"auto\" style=\"vertical-align: inherit\"><span dir=\"auto\" style=\"vertical-align: inherit\"><span dir=\"auto\" style=\"vertical-align: inherit\"><span dir=\"auto\" style=\"vertical-align: inherit\"><span dir=\"auto\" style=\"vertical-align: inherit\"><span dir=\"auto\" style=\"vertical-align: inherit\">Technologie Natural Ion Tech et PureBeam+<\/span><\/span><\/span><\/span><\/span><\/span><\/span><\/span><\/span><\/span><\/span><\/span><\/p>","protected":false},"excerpt":{"rendered":"<p>Compresseur Inverter\u00a0 Multir\u00e9frig\u00e9ration sans givre Mode \u00e9conomique Technologie Natural Ion Tech et PureBeam+<\/p>","protected":false},"featured_media":0,"comment_status":"open","ping_status":"closed","template":"","meta":{"_acf_changed":false},"product_brand":[234],"product_cat":[127],"product_tag":[],"class_list":{"0":"post-30632","1":"product","2":"type-product","3":"status-publish","5":"product_brand-nardi","6":"product_cat-refrigerateurs","8":"first","9":"instock","10":"shipping-taxable","11":"purchasable","12":"product-type-simple"},"acf":[],"_links":{"self":[{"href":"https:\/\/emif.dz\/fr\/wp-json\/wp\/v2\/product\/30632","targetHints":{"allow":["GET"]}}],"collection":[{"href":"https:\/\/emif.dz\/fr\/wp-json\/wp\/v2\/product"}],"about":[{"href":"https:\/\/emif.dz\/fr\/wp-json\/wp\/v2\/types\/product"}],"replies":[{"embeddable":true,"href":"https:\/\/emif.dz\/fr\/wp-json\/wp\/v2\/comments?post=30632"}],"version-history":[{"count":0,"href":"https:\/\/emif.dz\/fr\/wp-json\/wp\/v2\/product\/30632\/revisions"}],"wp:attachment":[{"href":"https:\/\/emif.dz\/fr\/wp-json\/wp\/v2\/media?parent=30632"}],"wp:term":[{"taxonomy":"product_brand","embeddable":true,"href":"https:\/\/emif.dz\/fr\/wp-json\/wp\/v2\/product_brand?post=30632"},{"taxonomy":"product_cat","embeddable":true,"href":"https:\/\/emif.dz\/fr\/wp-json\/wp\/v2\/product_cat?post=30632"},{"taxonomy":"product_tag","embeddable":true,"href":"https:\/\/emif.dz\/fr\/wp-json\/wp\/v2\/product_tag?post=30632"}],"curies":[{"name":"wp","href":"https:\/\/api.w.org\/{rel}","templated":true}]}}