{"id":30646,"date":"2026-03-01T10:32:21","date_gmt":"2026-03-01T09:32:21","guid":{"rendered":"https:\/\/emif.dz\/?post_type=product&#038;p=30646"},"modified":"2026-04-14T12:31:04","modified_gmt":"2026-04-14T11:31:04","slug":"hisense-smart-uhd-4k-led-55-serie-a6televiseur-55","status":"publish","type":"product","link":"https:\/\/emif.dz\/fr\/produit\/hisense-smart-uhd-4k-led-55-serie-a6televiseur-55\/","title":{"rendered":"HISENSE SMART UHD 4K LED 55&#8243; \/ SERIE A6T\u00e9l\u00e9viseur 55&#8243;"},"content":{"rendered":"<h2 class=\"product-short-desc\">HISENSE SMART UHD 4K LED 50&#8243; \/ SERIE A6T\u00e9l\u00e9viseur 50&#8243; UHD 3840*2160 p| Smart VIDAA | 4K upscaling | HDMI 2.1 |ALLM |D\u00e9codeur : H.264,H.265,VP9,AV1 |Mode H\u00f4tel|HDR, HDR10, HDR10+, HLG|DTS Virtual X|Anyview Cast (mirroring)<\/h2>","protected":false},"excerpt":{"rendered":"<p>HISENSE SMART UHD 4K LED 50&#8243; \/ SERIE A6T\u00e9l\u00e9viseur 50&#8243; UHD 3840*2160 p| Smart VIDAA | 4K upscaling | HDMI<\/p>","protected":false},"featured_media":0,"comment_status":"open","ping_status":"closed","template":"","meta":{"_acf_changed":false},"product_brand":[237],"product_cat":[126],"product_tag":[],"class_list":{"0":"post-30646","1":"product","2":"type-product","3":"status-publish","5":"product_brand-hisense","6":"product_cat-televisions","8":"first","9":"instock","10":"shipping-taxable","11":"purchasable","12":"product-type-simple"},"acf":[],"_links":{"self":[{"href":"https:\/\/emif.dz\/fr\/wp-json\/wp\/v2\/product\/30646","targetHints":{"allow":["GET"]}}],"collection":[{"href":"https:\/\/emif.dz\/fr\/wp-json\/wp\/v2\/product"}],"about":[{"href":"https:\/\/emif.dz\/fr\/wp-json\/wp\/v2\/types\/product"}],"replies":[{"embeddable":true,"href":"https:\/\/emif.dz\/fr\/wp-json\/wp\/v2\/comments?post=30646"}],"version-history":[{"count":1,"href":"https:\/\/emif.dz\/fr\/wp-json\/wp\/v2\/product\/30646\/revisions"}],"predecessor-version":[{"id":30692,"href":"https:\/\/emif.dz\/fr\/wp-json\/wp\/v2\/product\/30646\/revisions\/30692"}],"wp:attachment":[{"href":"https:\/\/emif.dz\/fr\/wp-json\/wp\/v2\/media?parent=30646"}],"wp:term":[{"taxonomy":"product_brand","embeddable":true,"href":"https:\/\/emif.dz\/fr\/wp-json\/wp\/v2\/product_brand?post=30646"},{"taxonomy":"product_cat","embeddable":true,"href":"https:\/\/emif.dz\/fr\/wp-json\/wp\/v2\/product_cat?post=30646"},{"taxonomy":"product_tag","embeddable":true,"href":"https:\/\/emif.dz\/fr\/wp-json\/wp\/v2\/product_tag?post=30646"}],"curies":[{"name":"wp","href":"https:\/\/api.w.org\/{rel}","templated":true}]}}