{"id":30720,"date":"2026-03-16T14:41:45","date_gmt":"2026-03-16T13:41:45","guid":{"rendered":"https:\/\/emif.dz\/?post_type=product&#038;p=30720"},"modified":"2026-03-16T14:55:45","modified_gmt":"2026-03-16T13:55:45","slug":"plaque-de-cuisson-en-verre-integree-eniem","status":"publish","type":"product","link":"https:\/\/emif.dz\/fr\/produit\/plaque-de-cuisson-en-verre-integree-eniem\/","title":{"rendered":"PLAQUE DE CUISSON EN VERRE INTEGREE ENIEM"},"content":{"rendered":"<h3>Caract\u00e9ristiques Techniques<\/h3>\n<ul>\n<li>\n<h4>Table de travail en verre<\/h4>\n<\/li>\n<li>\n<h4>04\u00a0 Br\u00fbleurs \u00e0 Gaz<\/h4>\n<\/li>\n<li>\n<h4>Commande m\u00e9canique<\/h4>\n<\/li>\n<li>\n<h4>S\u00e9curit\u00e9 thermocouple<\/h4>\n<\/li>\n<li>\n<h4>Allumage int\u00e9gr\u00e9<\/h4>\n<\/li>\n<li>\n<h4>Grille en fonte<\/h4>\n<\/li>\n<li>\n<h4>Facile \u00e0 nettoyer<\/h4>\n<\/li>\n<li>\n<h4>Dimensions du produit\u00a0\u00a0\u00a0 Longueur*Largeur (mm) : 600&#215;500<\/h4>\n<\/li>\n<li>\n<h4>Dimensions d\u2019installation Longueur*Largeur (mm) : 590&#215;490<\/h4>\n<\/li>\n<\/ul>","protected":false},"excerpt":{"rendered":"<p>Caract\u00e9ristiques Techniques Table de travail en verre 04\u00a0 Br\u00fbleurs \u00e0 Gaz Commande m\u00e9canique S\u00e9curit\u00e9 thermocouple Allumage int\u00e9gr\u00e9 Grille en fonte<\/p>","protected":false},"featured_media":0,"comment_status":"open","ping_status":"closed","template":"","meta":{"_acf_changed":false},"product_brand":[220],"product_cat":[133],"product_tag":[],"class_list":{"0":"post-30720","1":"product","2":"type-product","3":"status-publish","5":"product_brand-eniem","6":"product_cat-plaques-de-cuisson","8":"first","9":"instock","10":"shipping-taxable","11":"purchasable","12":"product-type-simple"},"acf":[],"_links":{"self":[{"href":"https:\/\/emif.dz\/fr\/wp-json\/wp\/v2\/product\/30720","targetHints":{"allow":["GET"]}}],"collection":[{"href":"https:\/\/emif.dz\/fr\/wp-json\/wp\/v2\/product"}],"about":[{"href":"https:\/\/emif.dz\/fr\/wp-json\/wp\/v2\/types\/product"}],"replies":[{"embeddable":true,"href":"https:\/\/emif.dz\/fr\/wp-json\/wp\/v2\/comments?post=30720"}],"version-history":[{"count":0,"href":"https:\/\/emif.dz\/fr\/wp-json\/wp\/v2\/product\/30720\/revisions"}],"wp:attachment":[{"href":"https:\/\/emif.dz\/fr\/wp-json\/wp\/v2\/media?parent=30720"}],"wp:term":[{"taxonomy":"product_brand","embeddable":true,"href":"https:\/\/emif.dz\/fr\/wp-json\/wp\/v2\/product_brand?post=30720"},{"taxonomy":"product_cat","embeddable":true,"href":"https:\/\/emif.dz\/fr\/wp-json\/wp\/v2\/product_cat?post=30720"},{"taxonomy":"product_tag","embeddable":true,"href":"https:\/\/emif.dz\/fr\/wp-json\/wp\/v2\/product_tag?post=30720"}],"curies":[{"name":"wp","href":"https:\/\/api.w.org\/{rel}","templated":true}]}}